{"id":1732,"date":"2020-02-26T19:26:56","date_gmt":"2020-02-26T19:26:56","guid":{"rendered":"https:\/\/minutemanups.com\/?page_id=1732"},"modified":"2024-08-21T14:22:41","modified_gmt":"2024-08-21T14:22:41","slug":"about-minuteman-ups","status":"publish","type":"page","link":"https:\/\/minutemanups.com\/es\/about-minuteman-ups\/","title":{"rendered":"About Minuteman"},"content":{"rendered":"<div class=\"wpb-content-wrapper\"><p>[vc_row full_width=&#8221;stretch_row&#8221; css=&#8221;.vc_custom_1580163971079{padding-top: 70px !important;padding-bottom: 70px !important;background-image: url(https:\/\/minutemanups.com\/wp-content\/uploads\/2023\/09\/Minuteman-UPS-Powerprotection-Devices.jpg?id=320) !important;}&#8221;][vc_column][vc_custom_heading text=&#8221;About Minuteman UPS&#8221; font_container=&#8221;tag:h2|font_size:70|text_align:left|color:%23ffffff&#8221; use_theme_fonts=&#8221;yes&#8221;][\/vc_column][\/vc_row][vc_row][vc_column][vc_column_text css=&#8221;.vc_custom_1582745171695{padding-top: 20px !important;padding-bottom: 20px !important;}&#8221;]Founded in 1982, Para Systems, Inc. is a privately held corporation that manufactures the Minuteman line of Power Protection products. Our product lines include single phase Uninterruptible Power Supplies (UPSs), Surge Protectors, Remote Power Managers (RPMs), and Power Distribution Units (PDUs). Headquartered in Carrollton, Texas, our products are sold throughout the US, Canada, and Central and South America.<\/p>\n<p><b>We strive to deliver high-value products that fit customer demands, and back them up with responsive, personal support before and after the sale.<\/b><\/p>\n<p>Our products are sold through our network of <a href=\"\/minuteman?page_id=40\">quality distributors and resellers.<\/a><\/p>\n<p><strong>Our Parent Company<\/strong><\/p>\n<p><img loading=\"lazy\" decoding=\"async\" class=\"size-full wp-image-1733 alignleft\" src=\"https:\/\/minutemanups.com\/wp-content\/uploads\/2020\/02\/cca_logo.gif\" alt=\"\" width=\"418\" height=\"94\" \/><\/p>\n<p>&nbsp;<\/p>\n<p>&nbsp;<\/p>\n<p>&nbsp;<\/p>\n<p>Para Systems, Inc. is a wholly owned subsidiary of\u00a0<a href=\"http:\/\/www.ccoadallas.com\/\">Components Corporation of America (CCA)<\/a>, a privately held corporation with its headquarters in Dallas, Texas. The Company traces its history back to 1916.<\/p>\n<p>CCA operates as a holding company. It currently has three wholly owned operating subsidiaries located in different cities in the United States and is actively seeking additional acquisitions. Each subsidiary is organized to function as a stand-alone entity. They have complete accounting, marketing, engineering, and general management capabilities. The three existing subsidiaries are in separate businesses as defined by product lines and markets served.<\/p>\n<p><span style=\"font-family: Arial; font-size: small;\">CCA is actively seeking acquisition candidates. For further information, please visit the CCA website:\u00a0<a href=\"http:\/\/www.ccoadallas.com\/acquisitions.htm\" target=\"_blank\" rel=\"noopener noreferrer\">CCA Acquisitions<\/a><\/span>[\/vc_column_text][\/vc_column][\/vc_row][vc_row css=&#8221;.vc_custom_1576226593794{padding-bottom: 30px !important;}&#8221;][vc_column]<style type=\"text\/css\" data-type=\"the7_shortcodes-inline-css\">.testimonials-carousel-shortcode.testimonials-carousel-shortcode-id-28260a03f05b5d4f0a886cb4cc88ebf3.owl-carousel .owl-nav div {\n  width: 36px;\n  height: 36px;\n  border-radius: 500px;\n}\n.testimonials-carousel-shortcode.testimonials-carousel-shortcode-id-28260a03f05b5d4f0a886cb4cc88ebf3.owl-carousel .owl-nav div:before,\n.testimonials-carousel-shortcode.testimonials-carousel-shortcode-id-28260a03f05b5d4f0a886cb4cc88ebf3.owl-carousel .owl-nav div:after {\n  border-width: 0px;\n}\n.testimonials-carousel-shortcode.testimonials-carousel-shortcode-id-28260a03f05b5d4f0a886cb4cc88ebf3.owl-carousel .owl-nav div.owl-prev {\n  top: 50%;\n  transform: translateY(calc(-50% + 0px));\n  left: -43px;\n}\n@media all and (-ms-high-contrast: none) {\n  .testimonials-carousel-shortcode.testimonials-carousel-shortcode-id-28260a03f05b5d4f0a886cb4cc88ebf3.owl-carousel .owl-nav div.owl-prev {\n    transform: translateY(-50%);\n    margin-top: 0px;\n  }\n}\n.testimonials-carousel-shortcode.testimonials-carousel-shortcode-id-28260a03f05b5d4f0a886cb4cc88ebf3.owl-carousel .owl-nav div.owl-prev i {\n  padding: 0px 0px 0px 0px;\n}\n.testimonials-carousel-shortcode.testimonials-carousel-shortcode-id-28260a03f05b5d4f0a886cb4cc88ebf3.owl-carousel .owl-nav div.owl-next {\n  top: 50%;\n  transform: translateY(calc(-50% + 0px));\n  right: -43px;\n}\n@media all and (-ms-high-contrast: none) {\n  .testimonials-carousel-shortcode.testimonials-carousel-shortcode-id-28260a03f05b5d4f0a886cb4cc88ebf3.owl-carousel .owl-nav div.owl-next {\n    transform: translateY(-50%);\n    margin-top: 0px;\n  }\n}\n.testimonials-carousel-shortcode.testimonials-carousel-shortcode-id-28260a03f05b5d4f0a886cb4cc88ebf3.owl-carousel .owl-nav div.owl-next i {\n  padding: 0px 0px 0px 0px;\n}\n.testimonials-carousel-shortcode.testimonials-carousel-shortcode-id-28260a03f05b5d4f0a886cb4cc88ebf3.owl-carousel .owl-nav i {\n  font-size: 18px;\n}\n.testimonials-carousel-shortcode.testimonials-carousel-shortcode-id-28260a03f05b5d4f0a886cb4cc88ebf3.owl-carousel .owl-nav div:not(:hover) i,\n.testimonials-carousel-shortcode.testimonials-carousel-shortcode-id-28260a03f05b5d4f0a886cb4cc88ebf3.owl-carousel .owl-nav div:not(:hover) i:before {\n  color: #ffffff;\n  background: none;\n}\n.testimonials-carousel-shortcode.testimonials-carousel-shortcode-id-28260a03f05b5d4f0a886cb4cc88ebf3.owl-carousel .owl-nav div:hover i,\n.testimonials-carousel-shortcode.testimonials-carousel-shortcode-id-28260a03f05b5d4f0a886cb4cc88ebf3.owl-carousel .owl-nav div:hover i:before {\n  color: rgba(255,255,255,0.75);\n  background: none;\n}\n.testimonials-carousel-shortcode.testimonials-carousel-shortcode-id-28260a03f05b5d4f0a886cb4cc88ebf3 .owl-dots {\n  top: calc(100% + 20px);\n  left: 50%;\n  transform: translateX(calc(-50% + 0px));\n}\n@media all and (-ms-high-contrast: none) {\n  .testimonials-carousel-shortcode.testimonials-carousel-shortcode-id-28260a03f05b5d4f0a886cb4cc88ebf3 .owl-dots {\n    transform: translateX(-50%);\n    margin-left: 0px;\n  }\n}\n.testimonials-carousel-shortcode.testimonials-carousel-shortcode-id-28260a03f05b5d4f0a886cb4cc88ebf3 .owl-dot {\n  width: 10px;\n  height: 10px;\n  margin: 0 8px;\n}\n@media screen and (max-width: 778px) {\n  .testimonials-carousel-shortcode.testimonials-carousel-shortcode-id-28260a03f05b5d4f0a886cb4cc88ebf3.hide-arrows.owl-carousel .owl-nav a {\n    display: none;\n  }\n}\n@media screen and (max-width: 778px) {\n  .testimonials-carousel-shortcode.testimonials-carousel-shortcode-id-28260a03f05b5d4f0a886cb4cc88ebf3.reposition-arrows.owl-carousel .owl-nav .owl-prev {\n    top: 50%;\n    transform: translateY(calc(-50% + 0px));\n    left: -18px;\n  }\n  .testimonials-carousel-shortcode.testimonials-carousel-shortcode-id-28260a03f05b5d4f0a886cb4cc88ebf3.reposition-arrows.owl-carousel .owl-nav .owl-next {\n    top: 50%;\n    transform: translateY(calc(-50% + 0px));\n    right: -18px;\n  }\n}\n@media screen and (max-width: 778px) and all and (-ms-high-contrast: none) {\n  .testimonials-carousel-shortcode.testimonials-carousel-shortcode-id-28260a03f05b5d4f0a886cb4cc88ebf3.reposition-arrows.owl-carousel .owl-nav .owl-prev {\n    transform: translateY(-50%);\n    margin-top: 0px;\n  }\n}\n@media screen and (max-width: 778px) and all and (-ms-high-contrast: none) {\n  .testimonials-carousel-shortcode.testimonials-carousel-shortcode-id-28260a03f05b5d4f0a886cb4cc88ebf3.reposition-arrows.owl-carousel .owl-nav .owl-next {\n    transform: translateY(-50%);\n    margin-top: 0px;\n  }\n}\n.testimonials-carousel-shortcode.testimonials-carousel-shortcode-id-28260a03f05b5d4f0a886cb4cc88ebf3 .testimonial-item {\n  padding: 30px 30px 20px 30px;\n}\n.testimonials-carousel-shortcode.testimonials-carousel-shortcode-id-28260a03f05b5d4f0a886cb4cc88ebf3 .testimonial-name,\n.testimonials-carousel-shortcode.testimonials-carousel-shortcode-id-28260a03f05b5d4f0a886cb4cc88ebf3 .testimonial-name a,\n.testimonials-carousel-shortcode.testimonials-carousel-shortcode-id-28260a03f05b5d4f0a886cb4cc88ebf3 .testimonial-name span {\n  margin-bottom: 0px;\n  font-weight: bold;\n}\n.testimonials-carousel-shortcode.testimonials-carousel-shortcode-id-28260a03f05b5d4f0a886cb4cc88ebf3 .testimonial-position {\n  margin-bottom: 20px;\n}\n.testimonials-carousel-shortcode.testimonials-carousel-shortcode-id-28260a03f05b5d4f0a886cb4cc88ebf3 .testimonial-position,\n.testimonials-carousel-shortcode.testimonials-carousel-shortcode-id-28260a03f05b5d4f0a886cb4cc88ebf3 .testimonial-position span {\n  font-weight: bold;\n}\n.testimonials-carousel-shortcode.testimonials-carousel-shortcode-id-28260a03f05b5d4f0a886cb4cc88ebf3  .testimonial-avatar {\n  padding: 0px 20px 20px 0px;\n}\n.testimonials-carousel-shortcode.testimonials-carousel-shortcode-id-28260a03f05b5d4f0a886cb4cc88ebf3  .testimonial-avatar a,\n.testimonials-carousel-shortcode.testimonials-carousel-shortcode-id-28260a03f05b5d4f0a886cb4cc88ebf3  .testimonial-avatar span,\n.testimonials-carousel-shortcode.testimonials-carousel-shortcode-id-28260a03f05b5d4f0a886cb4cc88ebf3  .testimonial-avatar img {\n  max-width: 80px;\n}\n.testimonials-carousel-shortcode.testimonials-carousel-shortcode-id-28260a03f05b5d4f0a886cb4cc88ebf3 .dt-css-grid .testimonial-avatar img,\n.testimonials-carousel-shortcode.testimonials-carousel-shortcode-id-28260a03f05b5d4f0a886cb4cc88ebf3 .dt-css-grid .testimonial-avatar svg {\n  max-width: 100%;\n}\n.testimonials-carousel-shortcode.testimonials-carousel-shortcode-id-28260a03f05b5d4f0a886cb4cc88ebf3.layout-5:not(.hide-testimonial-avatar) .content-wrap,\n.testimonials-carousel-shortcode.testimonials-carousel-shortcode-id-28260a03f05b5d4f0a886cb4cc88ebf3.layout-6:not(.hide-testimonial-avatar) .content-wrap {\n  width: calc(100% - 80px - 20px - 0px);\n}\n.testimonials-carousel-shortcode.testimonials-carousel-shortcode-id-28260a03f05b5d4f0a886cb4cc88ebf3 .testimonial-content {\n  margin-bottom: 0px;\n}\n.testimonials-carousel-shortcode.testimonials-carousel-shortcode-id-28260a03f05b5d4f0a886cb4cc88ebf3  .testimonial-avatar,\n.testimonials-carousel-shortcode.testimonials-carousel-shortcode-id-28260a03f05b5d4f0a886cb4cc88ebf3  .testimonial-avatar a.rollover,\n.testimonials-carousel-shortcode.testimonials-carousel-shortcode-id-28260a03f05b5d4f0a886cb4cc88ebf3  .testimonial-avatar a.rollover *,\n.testimonials-carousel-shortcode.testimonials-carousel-shortcode-id-28260a03f05b5d4f0a886cb4cc88ebf3  .testimonial-avatar img,\n.testimonials-carousel-shortcode.testimonials-carousel-shortcode-id-28260a03f05b5d4f0a886cb4cc88ebf3  .testimonial-avatar .no-avatar,\n.testimonials-carousel-shortcode.testimonials-carousel-shortcode-id-28260a03f05b5d4f0a886cb4cc88ebf3  .testim-no-avatar {\n  border-radius: 500px;\n}\n.testimonials-carousel-shortcode.testimonials-carousel-shortcode-id-28260a03f05b5d4f0a886cb4cc88ebf3  .testimonial-avatar .no-avatar {\n  height: 80px;\n}\n.testimonials-carousel-shortcode.testimonials-carousel-shortcode-id-28260a03f05b5d4f0a886cb4cc88ebf3  .testimonial-avatar .no-avatar {\n  font-size: 80px;\n  width: 80px;\n}<\/style><div class=\"owl-carousel testimonials-carousel-shortcode dt-testimonials-shortcode dt-owl-carousel-call testimonials-carousel-shortcode-id-28260a03f05b5d4f0a886cb4cc88ebf3 content-align-center layout-1 content-bg-off hide-testimonial-avatar bullets-small-dot-stroke reposition-arrows arrows-bg-on dt-arrow-border-on dt-arrow-hover-border-on disable-arrows-hover-bg arrows-hover-bg-on  \" data-scroll-mode=\"1\" data-col-num=\"1\" data-wide-col-num=\"1\" data-laptop-col=\"1\" data-h-tablet-columns-num=\"1\" data-v-tablet-columns-num=\"1\" data-phone-columns-num=\"1\" data-auto-height=\"true\" data-col-gap=\"30\" data-stage-padding=\"0\" data-speed=\"300\" data-autoplay=\"true\" data-autoplay_speed=\"3000\" data-arrows=\"true\" data-bullet=\"false\" data-next-icon=\"icon-ar-017-r\" data-prev-icon=\"icon-ar-017-l\"><div class=\"testimonial-item\"><div class=\"content-wrap\"><div class=\"testimonial-vcard\"><div class=\"testimonial-name\"><span class=\"text-primary\">B. Walters &#8211; Mt Pleasant, SC<\/span><br \/><\/div><div class=\"testimonial-position\"><\/div><\/div><div class=\"testimonial-content\"><p>APC no proporcion\u00f3 pr\u00e1cticamente ning\u00fan servicio al cliente. Tuve un problema en la instalaci\u00f3n de MN 525 que fue abordado de inmediato por Minuteman.<\/p>\n<\/div><\/div><\/div><div class=\"testimonial-item\"><div class=\"content-wrap\"><div class=\"testimonial-vcard\"><div class=\"testimonial-name\"><span class=\"text-primary\">P. Mata &#8211; Miramar, FL<\/span><br \/><\/div><div class=\"testimonial-position\"><\/div><\/div><div class=\"testimonial-content\"><p>Su asistencia t\u00e9cnica se encuentra entre las mejores que he experimentado. Jeff, el t\u00e9cnico que me ayud\u00f3 con un problema de instalaci\u00f3n, era eficiente, r\u00e1pido, eficiente y amigable.<\/p>\n<\/div><\/div><\/div><div class=\"testimonial-item\"><div class=\"content-wrap\"><div class=\"testimonial-vcard\"><div class=\"testimonial-name\"><span class=\"text-primary\">M.R., Cooper City, FL<\/span><br \/><\/div><div class=\"testimonial-position\"><\/div><\/div><div class=\"testimonial-content\"><p>&#13; \u201cNo solo recomendar\u00e9 a Minuteman por su servicio, sino que nunca comprar\u00e9 ning\u00fan otro UPS. Y convertir\u00e9 a todos mis clientes a Minuteman. Gracias por estar tan orientado al&hellip;<\/p>\n<\/div><\/div><\/div><\/div>[\/vc_column][\/vc_row][vc_row full_width=&#8221;stretch_row&#8221; css=&#8221;.vc_custom_1576684749635{padding-top: 40px !important;padding-bottom: 40px !important;background-color: #e9e9e7 !important;}&#8221;][vc_column][vc_custom_heading text=&#8221;EXPLORE RESOURCES&#8221; font_container=&#8221;tag:h2|font_size:36px|text_align:center|color:%23e61b24|line_height:45px&#8221; use_theme_fonts=&#8221;yes&#8221; css=&#8221;.vc_custom_1576335306907{padding-bottom: 40px !important;}&#8221; el_class=&#8221;customfont1&#8243;][vc_row_inner][vc_column_inner width=&#8221;1\/3&#8243;][vc_single_image image=&#8221;334&#8243; img_size=&#8221;medium&#8221; alignment=&#8221;center&#8221; onclick=&#8221;custom_link&#8221; img_link_target=&#8221;_blank&#8221; image_hovers=&#8221;false&#8221; link=&#8221;https:\/\/minutemanups.com\/powerlearning\/&#8221;][\/vc_column_inner][vc_column_inner width=&#8221;1\/3&#8243;][vc_single_image image=&#8221;332&#8243; img_size=&#8221;medium&#8221; alignment=&#8221;center&#8221; onclick=&#8221;custom_link&#8221; img_link_target=&#8221;_blank&#8221; image_hovers=&#8221;false&#8221; link=&#8221;https:\/\/minutemanups.com\/ae-resources\/&#8221;][\/vc_column_inner][vc_column_inner width=&#8221;1\/3&#8243;][vc_single_image image=&#8221;333&#8243; img_size=&#8221;medium&#8221; alignment=&#8221;center&#8221; onclick=&#8221;custom_link&#8221; img_link_target=&#8221;_blank&#8221; image_hovers=&#8221;false&#8221; link=&#8221;https:\/\/minutemanups.com\/blog\/&#8221;][\/vc_column_inner][\/vc_row_inner][\/vc_column][\/vc_row][vc_row full_width=&#8221;stretch_row_content_no_spaces&#8221; equal_height=&#8221;yes&#8221; content_placement=&#8221;top&#8221;][vc_column width=&#8221;1\/2&#8243; css=&#8221;.vc_custom_1576229775985{padding-top: 40px !important;padding-bottom: 40px !important;background-color: #e61b24 !important;}&#8221;][vc_row_inner][vc_column_inner width=&#8221;1\/4&#8243;][\/vc_column_inner][vc_column_inner width=&#8221;3\/4&#8243; css=&#8221;.vc_custom_1576229827743{padding-right: 50px !important;}&#8221;][vc_custom_heading text=&#8221;EVENTS&#8221; font_container=&#8221;tag:h2|font_size:36px|text_align:center|color:%23ffffff|line_height:45px&#8221; use_theme_fonts=&#8221;yes&#8221; css=&#8221;.vc_custom_1576229939283{padding-bottom: 10px !important;}&#8221;]<div class=\" vc_custom_1582827166721 ubtn-ctn-center \"><a class=\"ubtn-link ult-adjust-bottom-margin ubtn-center ubtn-large \" href=\"https:\/\/minutemanups.com\/events\/\" title=\"Events\" ><button type=\"button\" id=\"ubtn-2333\"  class=\"ubtn ult-adjust-bottom-margin ult-responsive ubtn-large ubtn-no-hover-bg  none  ubtn-center   tooltip-69d7de5e1eed2\"  data-hover=\"\" data-border-color=\"\" data-bg=\"#fbac18\" data-hover-bg=\"\" data-border-hover=\"\" data-shadow-hover=\"\" data-shadow-click=\"none\" data-shadow=\"\" data-shd-shadow=\"\"  data-ultimate-target='#ubtn-2333'  data-responsive-json-new='{\"font-size\":\"desktop:18px;\",\"line-height\":\"\"}'  style=\"font-weight:normal;border:none;background: #fbac18;color: #ffffff;\"><span class=\"ubtn-hover\" style=\"background-color:\"><\/span><span class=\"ubtn-data ubtn-text \" >UPCOMING EVENTS<\/span><\/button><\/a><\/div>[\/vc_column_inner][\/vc_row_inner][\/vc_column][vc_column width=&#8221;1\/2&#8243; css=&#8221;.vc_custom_1576229990711{padding-top: 40px !important;padding-bottom: 40px !important;background-color: #0c4d8a !important;}&#8221;][vc_row_inner][vc_column_inner width=&#8221;3\/4&#8243;][vc_custom_heading text=&#8221;SOCIAL MEDIA&#8221; font_container=&#8221;tag:h2|font_size:36px|text_align:center|color:%23ffffff|line_height:45px&#8221; use_theme_fonts=&#8221;yes&#8221; css=&#8221;.vc_custom_1576230676561{padding-bottom: 10px !important;}&#8221;][vc_raw_html]JTA5JTNDdWwlMjBjbGFzcyUzRCUyMnNvY2lhbHMlMjIlM0UlMEElM0NsaSUzRSUzQ2ElMjB0YXJnZXQlM0QlMjJfYmxhbmslMjIlMjBocmVmJTNEJTIyaHR0cHMlM0ElMkYlMkZ3d3cuZmFjZWJvb2suY29tJTJGbWludXRlbWFucG93ZXIlMjIlM0UlM0NpbWclMjBzcmMlM0QlMjJodHRwcyUzQSUyRiUyRm1pbnV0ZW1hbnVwcy5jb20lMkZ3cC1jb250ZW50JTJGdXBsb2FkcyUyRjIwMTklMkYxMiUyRmZiX2ljb24ucG5nJTIyJTNFJTNDJTJGYSUzRSUzQyUyRmxpJTNFJTBBJTA5JTNDbGklM0UlM0NhJTIwdGFyZ2V0JTNEJTIyX2JsYW5rJTIyJTIwaHJlZiUzRCUyMmh0dHBzJTNBJTJGJTJGd3d3LmxpbmtlZGluLmNvbSUyRmNvbXBhbnklMkZtaW51dGVtYW4tcGFyYS1zeXN0ZW1zJTJGJTIyJTNFJTNDaW1nJTIwc3JjJTNEJTIyaHR0cHMlM0ElMkYlMkZtaW51dGVtYW51cHMuY29tJTJGd3AtY29udGVudCUyRnVwbG9hZHMlMkYyMDE5JTJGMTIlMkZpbl9pY29uLnBuZyUyMiUzRSUzQyUyRmElM0UlM0MlMkZsaSUzRSUwQSUwOSUzQ2xpJTNFJTNDYSUyMHRhcmdldCUzRCUyMl9ibGFuayUyMiUyMGhyZWYlM0QlMjJodHRwcyUzQSUyRiUyRnd3dy55b3V0dWJlLmNvbSUyRnVzZXIlMkZNaW51dGVtYW5VUFMlMkYlMjIlM0UlM0NpbWclMjBzcmMlM0QlMjJodHRwcyUzQSUyRiUyRm1pbnV0ZW1hbnVwcy5jb20lMkZ3cC1jb250ZW50JTJGdXBsb2FkcyUyRjIwMTklMkYxMiUyRnBsYXlfaWNvbi5wbmclMjIlM0UlM0MlMkZhJTNFJTNDJTJGbGklM0UlM0MlMkZ1bCUzRSUwQQ==[\/vc_raw_html][\/vc_column_inner][vc_column_inner width=&#8221;1\/4&#8243;][\/vc_column_inner][\/vc_row_inner][\/vc_column][\/vc_row]<\/p>\n<\/div>","protected":false},"excerpt":{"rendered":"<p>[vc_row full_width=&#8221;stretch_row&#8221; css=&#8221;.vc_custom_1580163971079{padding-top: 70px !important;padding-bottom: 70px !important;background-image: url(https:\/\/minutemanups.com\/wp-content\/uploads\/2023\/09\/Minuteman-UPS-Powerprotection-Devices.jpg?id=320) !important;}&#8221;][vc_column][vc_custom_heading text=&#8221;About Minuteman UPS&#8221; font_container=&#8221;tag:h2|font_size:70|text_align:left|color:%23ffffff&#8221; use_theme_fonts=&#8221;yes&#8221;][\/vc_column][\/vc_row][vc_row][vc_column][vc_column_text css=&#8221;.vc_custom_1582745171695{padding-top: 20px !important;padding-bottom: 20px !important;}&#8221;]Founded in 1982, Para Systems, Inc. is a privately held corporation that&hellip;<\/p>\n","protected":false},"author":2,"featured_media":0,"parent":0,"menu_order":0,"comment_status":"closed","ping_status":"closed","template":"","meta":{"footnotes":""},"yst_prominent_words":[1006,1007,95,1008,2000,1003,1662,1110,1000,998,76,1999,1002,999,81,1004,90,83,1001,1005],"class_list":["post-1732","page","type-page","status-publish","hentry","description-off"],"featured_image_src":null,"jetpack_sharing_enabled":true,"_links":{"self":[{"href":"https:\/\/minutemanups.com\/es\/wp-json\/wp\/v2\/pages\/1732","targetHints":{"allow":["GET"]}}],"collection":[{"href":"https:\/\/minutemanups.com\/es\/wp-json\/wp\/v2\/pages"}],"about":[{"href":"https:\/\/minutemanups.com\/es\/wp-json\/wp\/v2\/types\/page"}],"author":[{"embeddable":true,"href":"https:\/\/minutemanups.com\/es\/wp-json\/wp\/v2\/users\/2"}],"replies":[{"embeddable":true,"href":"https:\/\/minutemanups.com\/es\/wp-json\/wp\/v2\/comments?post=1732"}],"version-history":[{"count":7,"href":"https:\/\/minutemanups.com\/es\/wp-json\/wp\/v2\/pages\/1732\/revisions"}],"predecessor-version":[{"id":12203,"href":"https:\/\/minutemanups.com\/es\/wp-json\/wp\/v2\/pages\/1732\/revisions\/12203"}],"wp:attachment":[{"href":"https:\/\/minutemanups.com\/es\/wp-json\/wp\/v2\/media?parent=1732"}],"wp:term":[{"taxonomy":"yst_prominent_words","embeddable":true,"href":"https:\/\/minutemanups.com\/es\/wp-json\/wp\/v2\/yst_prominent_words?post=1732"}],"curies":[{"name":"wp","href":"https:\/\/api.w.org\/{rel}","templated":true}]}}