{"id":4172,"date":"2020-05-18T21:21:33","date_gmt":"2020-05-18T21:21:33","guid":{"rendered":"https:\/\/minutemanups.com\/?page_id=4172"},"modified":"2024-08-06T14:02:11","modified_gmt":"2024-08-06T14:02:11","slug":"terms-and-conditions","status":"publish","type":"page","link":"https:\/\/minutemanups.com\/es\/terms-and-conditions\/","title":{"rendered":"Terms &#038; Conditions"},"content":{"rendered":"<div class=\"wpb-content-wrapper\"><p>[vc_row full_width=&#8221;stretch_row&#8221; bg_type=&#8221;image&#8221; parallax_style=&#8221;vcpb-default&#8221; bg_image_new=&#8221;id^320|url^https:\/\/minutemanups.com\/wp-content\/uploads\/2023\/09\/Minuteman-UPS-Powerprotection-Devices.jpg|caption^Server internet datacenter room, network, technology concept background, Server is the internet equipment for many purposes. Data center is the server control center for internet provider.|alt^null|title^Server internet datacenter room, network, technology concept bac|description^null&#8221; el_class=&#8221;headerwrap&#8221; css=&#8221;.vc_custom_1576614445599{padding-top: 30px !important;padding-bottom: 30px !important;}&#8221;][vc_column][vc_custom_heading text=&#8221;TERMS &amp; CONDITIONS&#8221; font_container=&#8221;tag:h2|font_size:70px|text_align:left|color:%23ffffff|line_height:80px&#8221; use_theme_fonts=&#8221;yes&#8221; css=&#8221;.vc_custom_1589834434497{margin-bottom: 10px !important;}&#8221;][\/vc_column][\/vc_row][vc_row][vc_column][vc_column_text]Para Systems, Inc. (\u201cPara\u201d) will do its best to provide for the needs of its customers promptly and courteously regarding its line of Minuteman Power Technology products. Please read below for Para\u2019s standard terms and conditions.[\/vc_column_text][vc_custom_heading text=&#8221;Price&#8221; font_container=&#8221;tag:h2|text_align:left|color:%23185aa5&#8243;][vc_column_text]The prices listed on this invoice supersede any previously inferred or published pricing by Para. Para reserves the right to correct typographical<br \/>\nerrors. Para may accept or reject any order in its sole discretion.[\/vc_column_text][vc_custom_heading text=&#8221;Freight &amp; Other Charges&#8221; font_container=&#8221;tag:h2|text_align:left|color:%23185aa5&#8243;][vc_column_text]Freight delivery terms are FOB Origin. Unless the customer indicates a preference, Para will determine the freight mode and carrier. Freight charges are prepaid by Para and added to the invoice, plus a service\/handling charge. Sales tax will be added as required by law. Shipments to locations other than the customer\u2019s warehouses or branch locations (drop shipments) are subject to a five percent (5%) service\/handling<br \/>\ncharge.<\/p>\n<p>Title to the goods and risk of damage or loss passes to the customer at the FOB point, and the customer is responsible for filing any freight claims for damage or loss. If an item is received with freight damage, it is very important the customer to note \u201cDamaged Freight\u201d on the carrier\u2019s bill before signing it. Failure to note damage on the bill may result in the carrier denying any related claim. Accepting partial shipments and refusing damaged cartons does not relieve the customer from risk of damage or loss. Shipments may be insured at the customer\u2019s request and expense. Para will reject any freight-damaged products returned to Para without a valid RMA number. Para will be the sole determining authority regarding the issuance of any refunds or credits for freight-damaged products.[\/vc_column_text][vc_custom_heading text=&#8221;Payment &amp; Credit Terms&#8221; font_container=&#8221;tag:h2|text_align:left|color:%23185aa5&#8243;][vc_column_text]Para will determine, in its sole discretion, any extension of credit and credit limit. A customer\u2019s credit terms and credit limit depends on its credit history, trade references, financial statements and other information Para may require. Standard credit terms are Net 30 days from invoice date. Acceptable payment forms include company checks, certified checks, cashier\u2019s checks, wire transfer or ACH payments, depending on Para\u2019s credit decision. Major credit cards may be used only at the time of shipment in lieu of credit terms. Prepayment will be required for Non-Standard Products (specially ordered or custom products). The customer agrees to pay all amounts owed to Para on or before the due date specified on the invoice. Any unpaid or past due balances will be subject to interest charges. Interest shall be calculated from the invoice due date until paid at a rate equal to the lesser of one- and one-half percent (1.5%) per month, 18% per annum, or the highest lawful rate. Accounts placed for collection will have reasonable costs of collection, which may include attorney\u2019s fees, added to the amounts due to Para. Credit terms may be revoked in Para\u2019s discretion for reasons including, but not limited to, slow payment history or negative information received through a credit review. Sales are invoiced upon shipment and statements are sent to the customer upon request.[\/vc_column_text][vc_custom_heading text=&#8221;Warranties&#8221; font_container=&#8221;tag:h2|text_align:left|color:%23185aa5&#8243;][vc_column_text]STANDARD WARRANTIES ARE PROVIDED FOR ALL PRODUCTS PARA SELLS. Customers may purchase an extended warranty to obtain a longer warranty period. A printed version of Para\u2019s warranty agreements is provided in the product\u2019s User Manual and online at minutemanups.com. Warranty claims must be processed according to the instructions in Para\u2019s warranty statement. <strong>ALL OTHER WARRANTIES, EITHER EXPRESS OR IMPLIED, INCLUDING<\/strong> <strong>BUT NOT LIMITED TO WARRANTIES AS TO MERCHANTABILITY AND FITNESS FOR A PARTICULAR PURPOSE ARE HEREBY EXPRESSLY <\/strong><strong>EXCLUDED.<\/strong>[\/vc_column_text][vc_custom_heading text=&#8221;Returns &amp; Claims&#8221; font_container=&#8221;tag:h2|text_align:left|color:%23185aa5&#8243;][vc_column_text]Any product returned to Para must include a valid Return Material Authorization (RMA) number. To obtain an RMA, contact Para\u2019s Technical Support department at (800) 238-7272 or (972) 446-7363, or submit a request online at <a href=\"\/minuteman?page_id=399\">minutemanups.com<\/a>. Products purchased within 30 days after the invoice date, that are in NEW condition, including unmarked original packaging and packing material, manuals, and all accessories may request an RMA for a credit or refund. Authorized returns will be subject to a restocking charge of twenty-five percent (25%), with a minimum of $25.00. Non-Standard Products and products that have been modified are not returnable. Product that is returned without approval may be refused and returned at the customer\u2019s expense. No refunds or credits will be issued until the product is received and passes Para\u2019s inspection. Product defects experienced within the warranty period should be resolved by following the warranty claim instructions. Para will make a determination of credit issuance or replacement after the product is received and inspected.<\/p>\n<p>If Para does not accept an order or makes a mistake in filling or shipping an order, Para\u2019s only liability is to refund any amounts the customer already paid. If a customer rightfully rejects all or part of the products before acceptance, then Para\u2019s only liability is, at Para\u2019s option, either (i) to permit the customer to return the products and receive a refund of any amounts already paid, or (ii) the repair or replacement of non-conforming goods. The customer has no right to offset. UNDER NO CIRCUMSTANCES WILL PARA BE LIABLE FOR ANY INCIDENTAL, CONSEQUENTIAL, SPECIAL OR EXEMPLARY DAMAGES.[\/vc_column_text][vc_custom_heading text=&#8221;Application&#8221; font_container=&#8221;tag:h2|text_align:left|color:%23185aa5&#8243;][vc_column_text]BY PLACING AN ORDER WITH PARA, YOU AGREE TO THESE TERMS AND CONDITIONS, AND NO MODIFICATIONS OR OTHER TERMS ARE BINDING<br \/>\nON PARA WITHOUT ITS PRIOR WRITTEN APPROVAL. TEXAS LAW APPLIES WITHOUT REGARD TO ITS CHOICE OF LAW PROVISIONS.<\/p>\n<p><a href=\"https:\/\/minutemanups.com\/_old\/terms\/Terms_and_Conditions_v1_2020_04_03.pdf\">View Terms &amp; Conditions PDF<\/a>[\/vc_column_text][vc_empty_space height=&#8221;75px&#8221;][\/vc_column][\/vc_row][vc_row css=&#8221;.vc_custom_1576226593794{padding-bottom: 30px !important;}&#8221;][vc_column]<style type=\"text\/css\" data-type=\"the7_shortcodes-inline-css\">.testimonials-carousel-shortcode.testimonials-carousel-shortcode-id-28260a03f05b5d4f0a886cb4cc88ebf3.owl-carousel .owl-nav div {\n  width: 36px;\n  height: 36px;\n  border-radius: 500px;\n}\n.testimonials-carousel-shortcode.testimonials-carousel-shortcode-id-28260a03f05b5d4f0a886cb4cc88ebf3.owl-carousel .owl-nav div:before,\n.testimonials-carousel-shortcode.testimonials-carousel-shortcode-id-28260a03f05b5d4f0a886cb4cc88ebf3.owl-carousel .owl-nav div:after {\n  border-width: 0px;\n}\n.testimonials-carousel-shortcode.testimonials-carousel-shortcode-id-28260a03f05b5d4f0a886cb4cc88ebf3.owl-carousel .owl-nav div.owl-prev {\n  top: 50%;\n  transform: translateY(calc(-50% + 0px));\n  left: -43px;\n}\n@media all and (-ms-high-contrast: none) {\n  .testimonials-carousel-shortcode.testimonials-carousel-shortcode-id-28260a03f05b5d4f0a886cb4cc88ebf3.owl-carousel .owl-nav div.owl-prev {\n    transform: translateY(-50%);\n    margin-top: 0px;\n  }\n}\n.testimonials-carousel-shortcode.testimonials-carousel-shortcode-id-28260a03f05b5d4f0a886cb4cc88ebf3.owl-carousel .owl-nav div.owl-prev i {\n  padding: 0px 0px 0px 0px;\n}\n.testimonials-carousel-shortcode.testimonials-carousel-shortcode-id-28260a03f05b5d4f0a886cb4cc88ebf3.owl-carousel .owl-nav div.owl-next {\n  top: 50%;\n  transform: translateY(calc(-50% + 0px));\n  right: -43px;\n}\n@media all and (-ms-high-contrast: none) {\n  .testimonials-carousel-shortcode.testimonials-carousel-shortcode-id-28260a03f05b5d4f0a886cb4cc88ebf3.owl-carousel .owl-nav div.owl-next {\n    transform: translateY(-50%);\n    margin-top: 0px;\n  }\n}\n.testimonials-carousel-shortcode.testimonials-carousel-shortcode-id-28260a03f05b5d4f0a886cb4cc88ebf3.owl-carousel .owl-nav div.owl-next i {\n  padding: 0px 0px 0px 0px;\n}\n.testimonials-carousel-shortcode.testimonials-carousel-shortcode-id-28260a03f05b5d4f0a886cb4cc88ebf3.owl-carousel .owl-nav i {\n  font-size: 18px;\n}\n.testimonials-carousel-shortcode.testimonials-carousel-shortcode-id-28260a03f05b5d4f0a886cb4cc88ebf3.owl-carousel .owl-nav div:not(:hover) i,\n.testimonials-carousel-shortcode.testimonials-carousel-shortcode-id-28260a03f05b5d4f0a886cb4cc88ebf3.owl-carousel .owl-nav div:not(:hover) i:before {\n  color: #ffffff;\n  background: none;\n}\n.testimonials-carousel-shortcode.testimonials-carousel-shortcode-id-28260a03f05b5d4f0a886cb4cc88ebf3.owl-carousel .owl-nav div:hover i,\n.testimonials-carousel-shortcode.testimonials-carousel-shortcode-id-28260a03f05b5d4f0a886cb4cc88ebf3.owl-carousel .owl-nav div:hover i:before {\n  color: rgba(255,255,255,0.75);\n  background: none;\n}\n.testimonials-carousel-shortcode.testimonials-carousel-shortcode-id-28260a03f05b5d4f0a886cb4cc88ebf3 .owl-dots {\n  top: calc(100% + 20px);\n  left: 50%;\n  transform: translateX(calc(-50% + 0px));\n}\n@media all and (-ms-high-contrast: none) {\n  .testimonials-carousel-shortcode.testimonials-carousel-shortcode-id-28260a03f05b5d4f0a886cb4cc88ebf3 .owl-dots {\n    transform: translateX(-50%);\n    margin-left: 0px;\n  }\n}\n.testimonials-carousel-shortcode.testimonials-carousel-shortcode-id-28260a03f05b5d4f0a886cb4cc88ebf3 .owl-dot {\n  width: 10px;\n  height: 10px;\n  margin: 0 8px;\n}\n@media screen and (max-width: 778px) {\n  .testimonials-carousel-shortcode.testimonials-carousel-shortcode-id-28260a03f05b5d4f0a886cb4cc88ebf3.hide-arrows.owl-carousel .owl-nav a {\n    display: none;\n  }\n}\n@media screen and (max-width: 778px) {\n  .testimonials-carousel-shortcode.testimonials-carousel-shortcode-id-28260a03f05b5d4f0a886cb4cc88ebf3.reposition-arrows.owl-carousel .owl-nav .owl-prev {\n    top: 50%;\n    transform: translateY(calc(-50% + 0px));\n    left: -18px;\n  }\n  .testimonials-carousel-shortcode.testimonials-carousel-shortcode-id-28260a03f05b5d4f0a886cb4cc88ebf3.reposition-arrows.owl-carousel .owl-nav .owl-next {\n    top: 50%;\n    transform: translateY(calc(-50% + 0px));\n    right: -18px;\n  }\n}\n@media screen and (max-width: 778px) and all and (-ms-high-contrast: none) {\n  .testimonials-carousel-shortcode.testimonials-carousel-shortcode-id-28260a03f05b5d4f0a886cb4cc88ebf3.reposition-arrows.owl-carousel .owl-nav .owl-prev {\n    transform: translateY(-50%);\n    margin-top: 0px;\n  }\n}\n@media screen and (max-width: 778px) and all and (-ms-high-contrast: none) {\n  .testimonials-carousel-shortcode.testimonials-carousel-shortcode-id-28260a03f05b5d4f0a886cb4cc88ebf3.reposition-arrows.owl-carousel .owl-nav .owl-next {\n    transform: translateY(-50%);\n    margin-top: 0px;\n  }\n}\n.testimonials-carousel-shortcode.testimonials-carousel-shortcode-id-28260a03f05b5d4f0a886cb4cc88ebf3 .testimonial-item {\n  padding: 30px 30px 20px 30px;\n}\n.testimonials-carousel-shortcode.testimonials-carousel-shortcode-id-28260a03f05b5d4f0a886cb4cc88ebf3 .testimonial-name,\n.testimonials-carousel-shortcode.testimonials-carousel-shortcode-id-28260a03f05b5d4f0a886cb4cc88ebf3 .testimonial-name a,\n.testimonials-carousel-shortcode.testimonials-carousel-shortcode-id-28260a03f05b5d4f0a886cb4cc88ebf3 .testimonial-name span {\n  margin-bottom: 0px;\n  font-weight: bold;\n}\n.testimonials-carousel-shortcode.testimonials-carousel-shortcode-id-28260a03f05b5d4f0a886cb4cc88ebf3 .testimonial-position {\n  margin-bottom: 20px;\n}\n.testimonials-carousel-shortcode.testimonials-carousel-shortcode-id-28260a03f05b5d4f0a886cb4cc88ebf3 .testimonial-position,\n.testimonials-carousel-shortcode.testimonials-carousel-shortcode-id-28260a03f05b5d4f0a886cb4cc88ebf3 .testimonial-position span {\n  font-weight: bold;\n}\n.testimonials-carousel-shortcode.testimonials-carousel-shortcode-id-28260a03f05b5d4f0a886cb4cc88ebf3  .testimonial-avatar {\n  padding: 0px 20px 20px 0px;\n}\n.testimonials-carousel-shortcode.testimonials-carousel-shortcode-id-28260a03f05b5d4f0a886cb4cc88ebf3  .testimonial-avatar a,\n.testimonials-carousel-shortcode.testimonials-carousel-shortcode-id-28260a03f05b5d4f0a886cb4cc88ebf3  .testimonial-avatar span,\n.testimonials-carousel-shortcode.testimonials-carousel-shortcode-id-28260a03f05b5d4f0a886cb4cc88ebf3  .testimonial-avatar img {\n  max-width: 80px;\n}\n.testimonials-carousel-shortcode.testimonials-carousel-shortcode-id-28260a03f05b5d4f0a886cb4cc88ebf3 .dt-css-grid .testimonial-avatar img,\n.testimonials-carousel-shortcode.testimonials-carousel-shortcode-id-28260a03f05b5d4f0a886cb4cc88ebf3 .dt-css-grid .testimonial-avatar svg {\n  max-width: 100%;\n}\n.testimonials-carousel-shortcode.testimonials-carousel-shortcode-id-28260a03f05b5d4f0a886cb4cc88ebf3.layout-5:not(.hide-testimonial-avatar) .content-wrap,\n.testimonials-carousel-shortcode.testimonials-carousel-shortcode-id-28260a03f05b5d4f0a886cb4cc88ebf3.layout-6:not(.hide-testimonial-avatar) .content-wrap {\n  width: calc(100% - 80px - 20px - 0px);\n}\n.testimonials-carousel-shortcode.testimonials-carousel-shortcode-id-28260a03f05b5d4f0a886cb4cc88ebf3 .testimonial-content {\n  margin-bottom: 0px;\n}\n.testimonials-carousel-shortcode.testimonials-carousel-shortcode-id-28260a03f05b5d4f0a886cb4cc88ebf3  .testimonial-avatar,\n.testimonials-carousel-shortcode.testimonials-carousel-shortcode-id-28260a03f05b5d4f0a886cb4cc88ebf3  .testimonial-avatar a.rollover,\n.testimonials-carousel-shortcode.testimonials-carousel-shortcode-id-28260a03f05b5d4f0a886cb4cc88ebf3  .testimonial-avatar a.rollover *,\n.testimonials-carousel-shortcode.testimonials-carousel-shortcode-id-28260a03f05b5d4f0a886cb4cc88ebf3  .testimonial-avatar img,\n.testimonials-carousel-shortcode.testimonials-carousel-shortcode-id-28260a03f05b5d4f0a886cb4cc88ebf3  .testimonial-avatar .no-avatar,\n.testimonials-carousel-shortcode.testimonials-carousel-shortcode-id-28260a03f05b5d4f0a886cb4cc88ebf3  .testim-no-avatar {\n  border-radius: 500px;\n}\n.testimonials-carousel-shortcode.testimonials-carousel-shortcode-id-28260a03f05b5d4f0a886cb4cc88ebf3  .testimonial-avatar .no-avatar {\n  height: 80px;\n}\n.testimonials-carousel-shortcode.testimonials-carousel-shortcode-id-28260a03f05b5d4f0a886cb4cc88ebf3  .testimonial-avatar .no-avatar {\n  font-size: 80px;\n  width: 80px;\n}<\/style><div class=\"owl-carousel testimonials-carousel-shortcode dt-testimonials-shortcode dt-owl-carousel-call testimonials-carousel-shortcode-id-28260a03f05b5d4f0a886cb4cc88ebf3 content-align-center layout-1 content-bg-off hide-testimonial-avatar bullets-small-dot-stroke reposition-arrows arrows-bg-on dt-arrow-border-on dt-arrow-hover-border-on disable-arrows-hover-bg arrows-hover-bg-on  \" data-scroll-mode=\"1\" data-col-num=\"1\" data-wide-col-num=\"1\" data-laptop-col=\"1\" data-h-tablet-columns-num=\"1\" data-v-tablet-columns-num=\"1\" data-phone-columns-num=\"1\" data-auto-height=\"true\" data-col-gap=\"30\" data-stage-padding=\"0\" data-speed=\"300\" data-autoplay=\"true\" data-autoplay_speed=\"3000\" data-arrows=\"true\" data-bullet=\"false\" data-next-icon=\"icon-ar-017-r\" data-prev-icon=\"icon-ar-017-l\"><div class=\"testimonial-item\"><div class=\"content-wrap\"><div class=\"testimonial-vcard\"><div class=\"testimonial-name\"><span class=\"text-primary\">B. Walters &#8211; Mt Pleasant, SC<\/span><br \/><\/div><div class=\"testimonial-position\"><\/div><\/div><div class=\"testimonial-content\"><p>APC no proporcion\u00f3 pr\u00e1cticamente ning\u00fan servicio al cliente. Tuve un problema en la instalaci\u00f3n de MN 525 que fue abordado de inmediato por Minuteman.<\/p>\n<\/div><\/div><\/div><div class=\"testimonial-item\"><div class=\"content-wrap\"><div class=\"testimonial-vcard\"><div class=\"testimonial-name\"><span class=\"text-primary\">P. Mata &#8211; Miramar, FL<\/span><br \/><\/div><div class=\"testimonial-position\"><\/div><\/div><div class=\"testimonial-content\"><p>Su asistencia t\u00e9cnica se encuentra entre las mejores que he experimentado. Jeff, el t\u00e9cnico que me ayud\u00f3 con un problema de instalaci\u00f3n, era eficiente, r\u00e1pido, eficiente y amigable.<\/p>\n<\/div><\/div><\/div><div class=\"testimonial-item\"><div class=\"content-wrap\"><div class=\"testimonial-vcard\"><div class=\"testimonial-name\"><span class=\"text-primary\">M.R., Cooper City, FL<\/span><br \/><\/div><div class=\"testimonial-position\"><\/div><\/div><div class=\"testimonial-content\"><p>&#13; \u201cNo solo recomendar\u00e9 a Minuteman por su servicio, sino que nunca comprar\u00e9 ning\u00fan otro UPS. Y convertir\u00e9 a todos mis clientes a Minuteman. Gracias por estar tan orientado al&hellip;<\/p>\n<\/div><\/div><\/div><\/div>[\/vc_column][\/vc_row][vc_row full_width=&#8221;stretch_row&#8221; css=&#8221;.vc_custom_1576684749635{padding-top: 40px !important;padding-bottom: 40px !important;background-color: #e9e9e7 !important;}&#8221;][vc_column][vc_custom_heading text=&#8221;EXPLORE RESOURCES&#8221; font_container=&#8221;tag:h2|font_size:36px|text_align:center|color:%23e61b24|line_height:45px&#8221; use_theme_fonts=&#8221;yes&#8221; css=&#8221;.vc_custom_1576335306907{padding-bottom: 40px !important;}&#8221; el_class=&#8221;customfont1&#8243;][vc_row_inner][vc_column_inner width=&#8221;1\/3&#8243;][vc_single_image image=&#8221;334&#8243; img_size=&#8221;medium&#8221; alignment=&#8221;center&#8221; onclick=&#8221;custom_link&#8221; img_link_target=&#8221;_blank&#8221; image_hovers=&#8221;false&#8221; link=&#8221;https:\/\/minutemanups.com\/powerlearning\/&#8221;][\/vc_column_inner][vc_column_inner width=&#8221;1\/3&#8243;][vc_single_image image=&#8221;332&#8243; img_size=&#8221;medium&#8221; alignment=&#8221;center&#8221; onclick=&#8221;custom_link&#8221; img_link_target=&#8221;_blank&#8221; image_hovers=&#8221;false&#8221; link=&#8221;https:\/\/minutemanups.com\/ae-resources\/&#8221;][\/vc_column_inner][vc_column_inner width=&#8221;1\/3&#8243;][vc_single_image image=&#8221;333&#8243; img_size=&#8221;medium&#8221; alignment=&#8221;center&#8221; onclick=&#8221;custom_link&#8221; img_link_target=&#8221;_blank&#8221; image_hovers=&#8221;false&#8221; link=&#8221;https:\/\/minutemanups.com\/blog\/&#8221;][\/vc_column_inner][\/vc_row_inner][\/vc_column][\/vc_row][vc_row full_width=&#8221;stretch_row_content_no_spaces&#8221; equal_height=&#8221;yes&#8221; content_placement=&#8221;top&#8221;][vc_column width=&#8221;1\/2&#8243; css=&#8221;.vc_custom_1576229775985{padding-top: 40px !important;padding-bottom: 40px !important;background-color: #e61b24 !important;}&#8221;][vc_row_inner][vc_column_inner width=&#8221;1\/4&#8243;][\/vc_column_inner][vc_column_inner width=&#8221;3\/4&#8243; css=&#8221;.vc_custom_1576229827743{padding-right: 50px !important;}&#8221;][vc_custom_heading text=&#8221;EVENTS&#8221; font_container=&#8221;tag:h2|font_size:36px|text_align:center|color:%23ffffff|line_height:45px&#8221; use_theme_fonts=&#8221;yes&#8221; css=&#8221;.vc_custom_1576229939283{padding-bottom: 10px !important;}&#8221;]<div class=\" vc_custom_1582827166721 ubtn-ctn-center \"><a class=\"ubtn-link ult-adjust-bottom-margin ubtn-center ubtn-large \" href=\"https:\/\/minutemanups.com\/events\/\" title=\"Events\" ><button type=\"button\" id=\"ubtn-3806\"  class=\"ubtn ult-adjust-bottom-margin ult-responsive ubtn-large ubtn-no-hover-bg  none  ubtn-center   tooltip-69e00edb06c5a\"  data-hover=\"\" data-border-color=\"\" data-bg=\"#fbac18\" data-hover-bg=\"\" data-border-hover=\"\" data-shadow-hover=\"\" data-shadow-click=\"none\" data-shadow=\"\" data-shd-shadow=\"\"  data-ultimate-target='#ubtn-3806'  data-responsive-json-new='{\"font-size\":\"desktop:18px;\",\"line-height\":\"\"}'  style=\"font-weight:normal;border:none;background: #fbac18;color: #ffffff;\"><span class=\"ubtn-hover\" style=\"background-color:\"><\/span><span class=\"ubtn-data ubtn-text \" >UPCOMING EVENTS<\/span><\/button><\/a><\/div>[\/vc_column_inner][\/vc_row_inner][\/vc_column][vc_column width=&#8221;1\/2&#8243; css=&#8221;.vc_custom_1576229990711{padding-top: 40px !important;padding-bottom: 40px !important;background-color: #0c4d8a !important;}&#8221;][vc_row_inner][vc_column_inner width=&#8221;3\/4&#8243;][vc_custom_heading text=&#8221;SOCIAL MEDIA&#8221; font_container=&#8221;tag:h2|font_size:36px|text_align:center|color:%23ffffff|line_height:45px&#8221; use_theme_fonts=&#8221;yes&#8221; css=&#8221;.vc_custom_1576230676561{padding-bottom: 10px !important;}&#8221;][vc_raw_html]JTA5JTNDdWwlMjBjbGFzcyUzRCUyMnNvY2lhbHMlMjIlM0UlMEElM0NsaSUzRSUzQ2ElMjB0YXJnZXQlM0QlMjJfYmxhbmslMjIlMjBocmVmJTNEJTIyaHR0cHMlM0ElMkYlMkZ3d3cuZmFjZWJvb2suY29tJTJGbWludXRlbWFucG93ZXIlMjIlM0UlM0NpbWclMjBzcmMlM0QlMjJodHRwcyUzQSUyRiUyRm1pbnV0ZW1hbnVwcy5jb20lMkZ3cC1jb250ZW50JTJGdXBsb2FkcyUyRjIwMTklMkYxMiUyRmZiX2ljb24ucG5nJTIyJTNFJTNDJTJGYSUzRSUzQyUyRmxpJTNFJTBBJTA5JTNDbGklM0UlM0NhJTIwdGFyZ2V0JTNEJTIyX2JsYW5rJTIyJTIwaHJlZiUzRCUyMmh0dHBzJTNBJTJGJTJGd3d3LmxpbmtlZGluLmNvbSUyRmNvbXBhbnklMkZtaW51dGVtYW4tcGFyYS1zeXN0ZW1zJTJGJTIyJTNFJTNDaW1nJTIwc3JjJTNEJTIyaHR0cHMlM0ElMkYlMkZtaW51dGVtYW51cHMuY29tJTJGd3AtY29udGVudCUyRnVwbG9hZHMlMkYyMDE5JTJGMTIlMkZpbl9pY29uLnBuZyUyMiUzRSUzQyUyRmElM0UlM0MlMkZsaSUzRSUwQSUwOSUzQ2xpJTNFJTNDYSUyMHRhcmdldCUzRCUyMl9ibGFuayUyMiUyMGhyZWYlM0QlMjJodHRwcyUzQSUyRiUyRnd3dy55b3V0dWJlLmNvbSUyRnVzZXIlMkZNaW51dGVtYW5VUFMlMkYlMjIlM0UlM0NpbWclMjBzcmMlM0QlMjJodHRwcyUzQSUyRiUyRm1pbnV0ZW1hbnVwcy5jb20lMkZ3cC1jb250ZW50JTJGdXBsb2FkcyUyRjIwMTklMkYxMiUyRnBsYXlfaWNvbi5wbmclMjIlM0UlM0MlMkZhJTNFJTNDJTJGbGklM0UlM0MlMkZ1bCUzRSUwQQ==[\/vc_raw_html][\/vc_column_inner][vc_column_inner width=&#8221;1\/4&#8243;][\/vc_column_inner][\/vc_row_inner][\/vc_column][\/vc_row]<\/p>\n<\/div>","protected":false},"excerpt":{"rendered":"<p>[vc_row full_width=&#8221;stretch_row&#8221; bg_type=&#8221;image&#8221; parallax_style=&#8221;vcpb-default&#8221; bg_image_new=&#8221;id^320|url^https:\/\/minutemanups.com\/wp-content\/uploads\/2023\/09\/Minuteman-UPS-Powerprotection-Devices.jpg|caption^Server internet datacenter room, network, technology concept background, Server is the internet equipment for many purposes. Data center is the server control center for internet provider.|alt^null|title^Server&hellip;<\/p>\n","protected":false},"author":2,"featured_media":0,"parent":0,"menu_order":0,"comment_status":"closed","ping_status":"open","template":"","meta":{"footnotes":""},"yst_prominent_words":[2056,2057,2055,2052,2049,2058,2066,2067,2069,1110,2062,90,2064,1610,2063,2050,2048,2065,2059,2068],"class_list":["post-4172","page","type-page","status-publish","hentry","description-off"],"featured_image_src":null,"jetpack_sharing_enabled":true,"_links":{"self":[{"href":"https:\/\/minutemanups.com\/es\/wp-json\/wp\/v2\/pages\/4172","targetHints":{"allow":["GET"]}}],"collection":[{"href":"https:\/\/minutemanups.com\/es\/wp-json\/wp\/v2\/pages"}],"about":[{"href":"https:\/\/minutemanups.com\/es\/wp-json\/wp\/v2\/types\/page"}],"author":[{"embeddable":true,"href":"https:\/\/minutemanups.com\/es\/wp-json\/wp\/v2\/users\/2"}],"replies":[{"embeddable":true,"href":"https:\/\/minutemanups.com\/es\/wp-json\/wp\/v2\/comments?post=4172"}],"version-history":[{"count":6,"href":"https:\/\/minutemanups.com\/es\/wp-json\/wp\/v2\/pages\/4172\/revisions"}],"predecessor-version":[{"id":11559,"href":"https:\/\/minutemanups.com\/es\/wp-json\/wp\/v2\/pages\/4172\/revisions\/11559"}],"wp:attachment":[{"href":"https:\/\/minutemanups.com\/es\/wp-json\/wp\/v2\/media?parent=4172"}],"wp:term":[{"taxonomy":"yst_prominent_words","embeddable":true,"href":"https:\/\/minutemanups.com\/es\/wp-json\/wp\/v2\/yst_prominent_words?post=4172"}],"curies":[{"name":"wp","href":"https:\/\/api.w.org\/{rel}","templated":true}]}}