{"id":4512,"date":"2020-02-18T16:38:25","date_gmt":"2020-02-18T16:38:25","guid":{"rendered":"https:\/\/minutemanups.com\/juego-y-casino\/"},"modified":"2020-09-30T16:06:06","modified_gmt":"2020-09-30T16:06:06","slug":"juego-y-casino","status":"publish","type":"page","link":"https:\/\/minutemanups.com\/es\/juego-y-casino\/","title":{"rendered":"JUEGO Y CASINO"},"content":{"rendered":"<div class=\"wpb-content-wrapper\"><p>[vc_row full_width=&#8221;stretch_row_content_no_spaces&#8221;][vc_column]\n\t\t\t<!-- START Gaming &amp; Casino Slider REVOLUTION SLIDER 6.7.38 --><p class=\"rs-p-wp-fix\"><\/p>\n\t\t\t<rs-module-wrap id=\"rev_slider_3_1_wrapper\" data-source=\"gallery\" style=\"visibility:hidden;background:transparent;padding:0;margin:0px auto;margin-top:0;margin-bottom:0;\">\n\t\t\t\t<rs-module id=\"rev_slider_3_1\" style=\"\" data-version=\"6.7.38\">\n\t\t\t\t\t<rs-slides style=\"overflow: hidden; position: absolute;\">\n\t\t\t\t\t\t<rs-slide style=\"position: absolute;\" data-key=\"rs-22\" data-title=\"Slide\" data-anim=\"ms:600;r:0;\" data-in=\"o:0;\" data-out=\"a:false;\">\n\t\t\t\t\t\t\t<img decoding=\"async\" src=\"\/\/minutemanups.com\/wp-content\/plugins\/revslider\/sr6\/assets\/assets\/dummy.png\" alt=\"\" title=\"Untitled design (5)\" width=\"1920\" height=\"768\" class=\"rev-slidebg tp-rs-img rs-lazyload\" data-lazyload=\"\/\/minutemanups.com\/wp-content\/uploads\/2020\/02\/Untitled-design-5.png\" data-no-retina>\n<!--\n\t\t\t\t\t\t\t--><rs-layer\n\t\t\t\t\t\t\t\tid=\"slider-3-slide-22-layer-1\" \n\t\t\t\t\t\t\t\tdata-type=\"text\"\n\t\t\t\t\t\t\t\tdata-rsp_ch=\"on\"\n\t\t\t\t\t\t\t\tdata-xy=\"xo:311px,311px,30px,30px;yo:66px,66px,54px,40px;\"\n\t\t\t\t\t\t\t\tdata-text=\"w:normal;s:112,112,62,60;l:121,121,67,60;fw:500;a:inherit;\"\n\t\t\t\t\t\t\t\tdata-dim=\"w:843,843,464,361px;h:253,253,139,121px;\"\n\t\t\t\t\t\t\t\tdata-frame_0=\"x:-100%;y:0,0,0px,0px;\"\n\t\t\t\t\t\t\t\tdata-frame_0_mask=\"u:t;x:0,0,0px,0px;y:0,0,0px,0px;\"\n\t\t\t\t\t\t\t\tdata-frame_1=\"x:0,0,0px,0px;y:0,0,0px,0px;sp:1000;\"\n\t\t\t\t\t\t\t\tdata-frame_1_mask=\"u:t;x:0,0,0px,0px;y:0,0,0px,0px;\"\n\t\t\t\t\t\t\t\tdata-frame_999=\"o:0;st:w;sR:7500;\"\n\t\t\t\t\t\t\t\tstyle=\"z-index:8;font-family:'Oswald';\"\n\t\t\t\t\t\t\t>JUEGO Y CASINO \n\t\t\t\t\t\t\t<\/rs-layer><!--\n\n\t\t\t\t\t\t\t--><rs-layer\n\t\t\t\t\t\t\t\tid=\"slider-3-slide-22-layer-4\" \n\t\t\t\t\t\t\t\tdata-type=\"image\"\n\t\t\t\t\t\t\t\tdata-rsp_ch=\"on\"\n\t\t\t\t\t\t\t\tdata-xy=\"xo:-1px,-1px,77px,88px;yo:41px,41px,124px,184px;\"\n\t\t\t\t\t\t\t\tdata-text=\"w:normal;s:20,20,12,7;l:0,0,15,9;\"\n\t\t\t\t\t\t\t\tdata-dim=\"w:688px,688px,431px,265px;h:590px,590px,370px,228px;\"\n\t\t\t\t\t\t\t\tdata-frame_999=\"o:0;st:w;\"\n\t\t\t\t\t\t\t\tstyle=\"z-index:10;\"\n\t\t\t\t\t\t\t><img decoding=\"async\" src=\"\/\/minutemanups.com\/wp-content\/plugins\/revslider\/sr6\/assets\/assets\/dummy.png\" alt=\"\" class=\"tp-rs-img rs-lazyload\" width=\"1920\" height=\"1646\" data-lazyload=\"\/\/minutemanups.com\/wp-content\/uploads\/2020\/02\/Espire-Transparent.png\" data-no-retina> \n\t\t\t\t\t\t\t<\/rs-layer><!--\n\n\t\t\t\t\t\t\t--><rs-layer\n\t\t\t\t\t\t\t\tid=\"slider-3-slide-22-layer-21\" \n\t\t\t\t\t\t\t\tdata-type=\"text\"\n\t\t\t\t\t\t\t\tdata-rsp_ch=\"on\"\n\t\t\t\t\t\t\t\tdata-xy=\"xo:533px,533px,33px,36px;yo:201px,201px,134px,179px;\"\n\t\t\t\t\t\t\t\tdata-text=\"s:51,51,51,24;l:41,41,41,24;fw:300;a:inherit;\"\n\t\t\t\t\t\t\t\tdata-dim=\"w:484px,484px,484px,auto;h:46,46,46,auto;\"\n\t\t\t\t\t\t\t\tdata-frame_0=\"x:left;\"\n\t\t\t\t\t\t\t\tdata-frame_1=\"sp:1000;\"\n\t\t\t\t\t\t\t\tdata-frame_999=\"o:0;st:w;sR:7500;\"\n\t\t\t\t\t\t\t\tstyle=\"z-index:9;font-family:'Open Sans';\"\n\t\t\t\t\t\t\t>VELOCIDAD Y CONFIABILIDAD \n\t\t\t\t\t\t\t<\/rs-layer><!--\n-->\t\t\t\t\t<\/rs-slide>\n\t\t\t\t\t<\/rs-slides>\n\t\t\t\t<\/rs-module>\n\t\t\t\t<script data-jetpack-boost=\"ignore\">\n\t\t\t\t\tsetREVStartSize({c: 'rev_slider_3_1',rl:[1240,1240,778,480],el:[600,600,450,400],gw:[1240,1240,778,480],gh:[600,600,450,400],type:'standard',justify:'',layout:'fullwidth',mh:\"0\"});if (window.RS_MODULES!==undefined && window.RS_MODULES.modules!==undefined && window.RS_MODULES.modules[\"revslider31\"]!==undefined) {window.RS_MODULES.modules[\"revslider31\"].once = false;window.revapi3 = undefined;if (window.RS_MODULES.checkMinimal!==undefined) window.RS_MODULES.checkMinimal()}\n\t\t\t\t<\/script>\n\t\t\t<\/rs-module-wrap>\n\t\t\t<!-- END REVOLUTION SLIDER -->\n[\/vc_column][\/vc_row][vc_row][vc_column][vc_custom_heading text=&#8221;PRODUCTOS DISE\u00d1ADOS PARA MANTENERSE EN LA INDUSTRIA DE JUEGOS R\u00c1PIDOS&#8221; font_container=&#8221;tag:h2|font_size:25px|text_align:left|color:%23e61b24|line_height:30px&#8221; use_theme_fonts=&#8221;yes&#8221; el_class=&#8221;customfont1&#8243; css=&#8221;.vc_custom_1582048840087{padding-top: 30px !important;padding-bottom: 30px !important;}&#8221;][vc_column_text]Asegurar que los clientes tengan una experiencia positiva es siempre una alta prioridad. Proteger equipos valiosos es esencial. Los productos Minuteman Power ofrecen soluciones que van desde la alimentaci\u00f3n de sistemas de juegos individuales hasta casinos a gran escala.<\/p>\n<p>[\/vc_column_text][vc_column_text]<strong>CASINOS \/ HOTELES<\/strong><\/p>\n<ul>\n<li>Las comunicaciones y la seguridad de los hu\u00e9spedes son cr\u00edticas.<\/li>\n<\/ul>\n<p><strong>SISTEMAS DE JUEGO<\/strong><\/p>\n<ul>\n<li>Se espera un tiempo de actividad del 100%, la conectividad es cr\u00edtica<\/li>\n<\/ul>\n<p><strong>EQUIPO SENSIBLE<\/strong><\/p>\n<ul>\n<li>VUn equipo valioso puede sufrir da\u00f1os si no se protege adecuadamente<\/li>\n<\/ul>\n<p>[\/vc_column_text][\/vc_column][\/vc_row][vc_row][vc_column][vc_empty_space height=&#8221;100px&#8221;][\/vc_column][\/vc_row][vc_row][vc_column][vc_custom_heading text=&#8221;SOLUCIONES DE MINUTEMAN UPS PARA JUEGOS Y CASINOS&#8221; font_container=&#8221;tag:h2|text_align:center&#8221; css=&#8221;.vc_custom_1582047426396{padding-bottom: 50px !important;}&#8221;][\/vc_column][\/vc_row][vc_row][vc_column width=&#8221;1\/3&#8243;][vc_single_image image=&#8221;1584&#8243; img_size=&#8221;medium&#8221; onclick=&#8221;custom_link&#8221; image_hovers=&#8221;false&#8221; link=&#8221;https:\/\/minutemanups.com\/uninterruptible-power-supply\/enspire-uninterruptible-power-supply\/&#8221;][vc_custom_heading text=&#8221;Enspire\u00ae&#8221; font_container=&#8221;tag:h2|text_align:center&#8221; css=&#8221;.vc_custom_1582048448959{padding-right: 80px !important;}&#8221; link=&#8221;url:https%3A%2F%2Fminutemanups.com%2Fes%2Ffuente-de-poder-ininterrumpible%2Fenspire-fuente-de-poder-ininterrumpible%2F|title:ENSPIRE%C2%AE%20UNINTERRUPTIBLE%20POWER%20SUPPLY|&#8221;][\/vc_column][vc_column width=&#8221;1\/3&#8243;][vc_single_image image=&#8221;1583&#8243; img_size=&#8221;medium&#8221; onclick=&#8221;custom_link&#8221; image_hovers=&#8221;false&#8221; link=&#8221;https:\/\/minutemanups.com\/uninterruptible-power-supply\/entrust-lcd-uninterruptible-power-supply\/&#8221;][vc_custom_heading text=&#8221;Entrust-LCDEntrust-LCD&reg;&#8221; font_container=&#8221;tag:h2|text_align:center&#8221; css=&#8221;.vc_custom_1582048568368{padding-right: 80px !important;}&#8221; link=&#8221;url:https%3A%2F%2Fminutemanups.com%2Fes%2Ffuente-de-poder-ininterrumpible%2Fentrust-lcduninterruptible-power-supply%2F|title:Entrust%20LCD%C2%AEUninterruptible%20Power%20Supply|&#8221;][\/vc_column][vc_column width=&#8221;1\/3&#8243;][vc_single_image image=&#8221;1582&#8243; img_size=&#8221;medium&#8221; onclick=&#8221;custom_link&#8221; image_hovers=&#8221;false&#8221; link=&#8221;https:\/\/minutemanups.com\/uninterruptible-power-supply\/encompass-lcd-on-line-uninterruptible-power-supply\/&#8221;][vc_custom_heading text=&#8221;Torre Encompass LCD\u00ae&#8221; font_container=&#8221;tag:h2|text_align:center&#8221; css=&#8221;.vc_custom_1582048628204{padding-right: 80px !important;}&#8221; link=&#8221;url:https%3A%2F%2Fminutemanups.com%2Fes%2Ffuente-de-poder-ininterrumpible%2Fencompass-lcd-en-linea-fuente-de-alimentacion-ininterrumple%2F|title:Encompass%C2%AELCD%20On-line%20Uninterruptible%20Power%20Supply|&#8221;][\/vc_column][\/vc_row][vc_row][vc_column][vc_empty_space height=&#8221;75px&#8221;][\/vc_column][\/vc_row][vc_row css=&#8221;.vc_custom_1576226593794{padding-bottom: 30px !important;}&#8221;][vc_column]<style type=\"text\/css\" data-type=\"the7_shortcodes-inline-css\">.testimonials-carousel-shortcode.testimonials-carousel-shortcode-id-28260a03f05b5d4f0a886cb4cc88ebf3.owl-carousel .owl-nav div {\n  width: 36px;\n  height: 36px;\n  border-radius: 500px;\n}\n.testimonials-carousel-shortcode.testimonials-carousel-shortcode-id-28260a03f05b5d4f0a886cb4cc88ebf3.owl-carousel .owl-nav div:before,\n.testimonials-carousel-shortcode.testimonials-carousel-shortcode-id-28260a03f05b5d4f0a886cb4cc88ebf3.owl-carousel .owl-nav div:after {\n  border-width: 0px;\n}\n.testimonials-carousel-shortcode.testimonials-carousel-shortcode-id-28260a03f05b5d4f0a886cb4cc88ebf3.owl-carousel .owl-nav div.owl-prev {\n  top: 50%;\n  transform: translateY(calc(-50% + 0px));\n  left: -43px;\n}\n@media all and (-ms-high-contrast: none) {\n  .testimonials-carousel-shortcode.testimonials-carousel-shortcode-id-28260a03f05b5d4f0a886cb4cc88ebf3.owl-carousel .owl-nav div.owl-prev {\n    transform: translateY(-50%);\n    margin-top: 0px;\n  }\n}\n.testimonials-carousel-shortcode.testimonials-carousel-shortcode-id-28260a03f05b5d4f0a886cb4cc88ebf3.owl-carousel .owl-nav div.owl-prev i {\n  padding: 0px 0px 0px 0px;\n}\n.testimonials-carousel-shortcode.testimonials-carousel-shortcode-id-28260a03f05b5d4f0a886cb4cc88ebf3.owl-carousel .owl-nav div.owl-next {\n  top: 50%;\n  transform: translateY(calc(-50% + 0px));\n  right: -43px;\n}\n@media all and (-ms-high-contrast: none) {\n  .testimonials-carousel-shortcode.testimonials-carousel-shortcode-id-28260a03f05b5d4f0a886cb4cc88ebf3.owl-carousel .owl-nav div.owl-next {\n    transform: translateY(-50%);\n    margin-top: 0px;\n  }\n}\n.testimonials-carousel-shortcode.testimonials-carousel-shortcode-id-28260a03f05b5d4f0a886cb4cc88ebf3.owl-carousel .owl-nav div.owl-next i {\n  padding: 0px 0px 0px 0px;\n}\n.testimonials-carousel-shortcode.testimonials-carousel-shortcode-id-28260a03f05b5d4f0a886cb4cc88ebf3.owl-carousel .owl-nav i {\n  font-size: 18px;\n}\n.testimonials-carousel-shortcode.testimonials-carousel-shortcode-id-28260a03f05b5d4f0a886cb4cc88ebf3.owl-carousel .owl-nav div:not(:hover) i,\n.testimonials-carousel-shortcode.testimonials-carousel-shortcode-id-28260a03f05b5d4f0a886cb4cc88ebf3.owl-carousel .owl-nav div:not(:hover) i:before {\n  color: #ffffff;\n  background: none;\n}\n.testimonials-carousel-shortcode.testimonials-carousel-shortcode-id-28260a03f05b5d4f0a886cb4cc88ebf3.owl-carousel .owl-nav div:hover i,\n.testimonials-carousel-shortcode.testimonials-carousel-shortcode-id-28260a03f05b5d4f0a886cb4cc88ebf3.owl-carousel .owl-nav div:hover i:before {\n  color: rgba(255,255,255,0.75);\n  background: none;\n}\n.testimonials-carousel-shortcode.testimonials-carousel-shortcode-id-28260a03f05b5d4f0a886cb4cc88ebf3 .owl-dots {\n  top: calc(100% + 20px);\n  left: 50%;\n  transform: translateX(calc(-50% + 0px));\n}\n@media all and (-ms-high-contrast: none) {\n  .testimonials-carousel-shortcode.testimonials-carousel-shortcode-id-28260a03f05b5d4f0a886cb4cc88ebf3 .owl-dots {\n    transform: translateX(-50%);\n    margin-left: 0px;\n  }\n}\n.testimonials-carousel-shortcode.testimonials-carousel-shortcode-id-28260a03f05b5d4f0a886cb4cc88ebf3 .owl-dot {\n  width: 10px;\n  height: 10px;\n  margin: 0 8px;\n}\n@media screen and (max-width: 778px) {\n  .testimonials-carousel-shortcode.testimonials-carousel-shortcode-id-28260a03f05b5d4f0a886cb4cc88ebf3.hide-arrows.owl-carousel .owl-nav a {\n    display: none;\n  }\n}\n@media screen and (max-width: 778px) {\n  .testimonials-carousel-shortcode.testimonials-carousel-shortcode-id-28260a03f05b5d4f0a886cb4cc88ebf3.reposition-arrows.owl-carousel .owl-nav .owl-prev {\n    top: 50%;\n    transform: translateY(calc(-50% + 0px));\n    left: -18px;\n  }\n  .testimonials-carousel-shortcode.testimonials-carousel-shortcode-id-28260a03f05b5d4f0a886cb4cc88ebf3.reposition-arrows.owl-carousel .owl-nav .owl-next {\n    top: 50%;\n    transform: translateY(calc(-50% + 0px));\n    right: -18px;\n  }\n}\n@media screen and (max-width: 778px) and all and (-ms-high-contrast: none) {\n  .testimonials-carousel-shortcode.testimonials-carousel-shortcode-id-28260a03f05b5d4f0a886cb4cc88ebf3.reposition-arrows.owl-carousel .owl-nav .owl-prev {\n    transform: translateY(-50%);\n    margin-top: 0px;\n  }\n}\n@media screen and (max-width: 778px) and all and (-ms-high-contrast: none) {\n  .testimonials-carousel-shortcode.testimonials-carousel-shortcode-id-28260a03f05b5d4f0a886cb4cc88ebf3.reposition-arrows.owl-carousel .owl-nav .owl-next {\n    transform: translateY(-50%);\n    margin-top: 0px;\n  }\n}\n.testimonials-carousel-shortcode.testimonials-carousel-shortcode-id-28260a03f05b5d4f0a886cb4cc88ebf3 .testimonial-item {\n  padding: 30px 30px 20px 30px;\n}\n.testimonials-carousel-shortcode.testimonials-carousel-shortcode-id-28260a03f05b5d4f0a886cb4cc88ebf3 .testimonial-name,\n.testimonials-carousel-shortcode.testimonials-carousel-shortcode-id-28260a03f05b5d4f0a886cb4cc88ebf3 .testimonial-name a,\n.testimonials-carousel-shortcode.testimonials-carousel-shortcode-id-28260a03f05b5d4f0a886cb4cc88ebf3 .testimonial-name span {\n  margin-bottom: 0px;\n  font-weight: bold;\n}\n.testimonials-carousel-shortcode.testimonials-carousel-shortcode-id-28260a03f05b5d4f0a886cb4cc88ebf3 .testimonial-position {\n  margin-bottom: 20px;\n}\n.testimonials-carousel-shortcode.testimonials-carousel-shortcode-id-28260a03f05b5d4f0a886cb4cc88ebf3 .testimonial-position,\n.testimonials-carousel-shortcode.testimonials-carousel-shortcode-id-28260a03f05b5d4f0a886cb4cc88ebf3 .testimonial-position span {\n  font-weight: bold;\n}\n.testimonials-carousel-shortcode.testimonials-carousel-shortcode-id-28260a03f05b5d4f0a886cb4cc88ebf3  .testimonial-avatar {\n  padding: 0px 20px 20px 0px;\n}\n.testimonials-carousel-shortcode.testimonials-carousel-shortcode-id-28260a03f05b5d4f0a886cb4cc88ebf3  .testimonial-avatar a,\n.testimonials-carousel-shortcode.testimonials-carousel-shortcode-id-28260a03f05b5d4f0a886cb4cc88ebf3  .testimonial-avatar span,\n.testimonials-carousel-shortcode.testimonials-carousel-shortcode-id-28260a03f05b5d4f0a886cb4cc88ebf3  .testimonial-avatar img {\n  max-width: 80px;\n}\n.testimonials-carousel-shortcode.testimonials-carousel-shortcode-id-28260a03f05b5d4f0a886cb4cc88ebf3 .dt-css-grid .testimonial-avatar img,\n.testimonials-carousel-shortcode.testimonials-carousel-shortcode-id-28260a03f05b5d4f0a886cb4cc88ebf3 .dt-css-grid .testimonial-avatar svg {\n  max-width: 100%;\n}\n.testimonials-carousel-shortcode.testimonials-carousel-shortcode-id-28260a03f05b5d4f0a886cb4cc88ebf3.layout-5:not(.hide-testimonial-avatar) .content-wrap,\n.testimonials-carousel-shortcode.testimonials-carousel-shortcode-id-28260a03f05b5d4f0a886cb4cc88ebf3.layout-6:not(.hide-testimonial-avatar) .content-wrap {\n  width: calc(100% - 80px - 20px - 0px);\n}\n.testimonials-carousel-shortcode.testimonials-carousel-shortcode-id-28260a03f05b5d4f0a886cb4cc88ebf3 .testimonial-content {\n  margin-bottom: 0px;\n}\n.testimonials-carousel-shortcode.testimonials-carousel-shortcode-id-28260a03f05b5d4f0a886cb4cc88ebf3  .testimonial-avatar,\n.testimonials-carousel-shortcode.testimonials-carousel-shortcode-id-28260a03f05b5d4f0a886cb4cc88ebf3  .testimonial-avatar a.rollover,\n.testimonials-carousel-shortcode.testimonials-carousel-shortcode-id-28260a03f05b5d4f0a886cb4cc88ebf3  .testimonial-avatar a.rollover *,\n.testimonials-carousel-shortcode.testimonials-carousel-shortcode-id-28260a03f05b5d4f0a886cb4cc88ebf3  .testimonial-avatar img,\n.testimonials-carousel-shortcode.testimonials-carousel-shortcode-id-28260a03f05b5d4f0a886cb4cc88ebf3  .testimonial-avatar .no-avatar,\n.testimonials-carousel-shortcode.testimonials-carousel-shortcode-id-28260a03f05b5d4f0a886cb4cc88ebf3  .testim-no-avatar {\n  border-radius: 500px;\n}\n.testimonials-carousel-shortcode.testimonials-carousel-shortcode-id-28260a03f05b5d4f0a886cb4cc88ebf3  .testimonial-avatar .no-avatar {\n  height: 80px;\n}\n.testimonials-carousel-shortcode.testimonials-carousel-shortcode-id-28260a03f05b5d4f0a886cb4cc88ebf3  .testimonial-avatar .no-avatar {\n  font-size: 80px;\n  width: 80px;\n}<\/style><div class=\"owl-carousel testimonials-carousel-shortcode dt-testimonials-shortcode dt-owl-carousel-call testimonials-carousel-shortcode-id-28260a03f05b5d4f0a886cb4cc88ebf3 content-align-center layout-1 content-bg-off hide-testimonial-avatar bullets-small-dot-stroke reposition-arrows arrows-bg-on dt-arrow-border-on dt-arrow-hover-border-on disable-arrows-hover-bg arrows-hover-bg-on  \" data-scroll-mode=\"1\" data-col-num=\"1\" data-wide-col-num=\"1\" data-laptop-col=\"1\" data-h-tablet-columns-num=\"1\" data-v-tablet-columns-num=\"1\" data-phone-columns-num=\"1\" data-auto-height=\"true\" data-col-gap=\"30\" data-stage-padding=\"0\" data-speed=\"300\" data-autoplay=\"true\" data-autoplay_speed=\"3000\" data-arrows=\"true\" data-bullet=\"false\" data-next-icon=\"icon-ar-017-r\" data-prev-icon=\"icon-ar-017-l\"><div class=\"testimonial-item\"><div class=\"content-wrap\"><div class=\"testimonial-vcard\"><div class=\"testimonial-name\"><span class=\"text-primary\">B. Walters &#8211; Mt Pleasant, SC<\/span><br \/><\/div><div class=\"testimonial-position\"><\/div><\/div><div class=\"testimonial-content\"><p>APC no proporcion\u00f3 pr\u00e1cticamente ning\u00fan servicio al cliente. Tuve un problema en la instalaci\u00f3n de MN 525 que fue abordado de inmediato por Minuteman.<\/p>\n<\/div><\/div><\/div><div class=\"testimonial-item\"><div class=\"content-wrap\"><div class=\"testimonial-vcard\"><div class=\"testimonial-name\"><span class=\"text-primary\">P. Mata &#8211; Miramar, FL<\/span><br \/><\/div><div class=\"testimonial-position\"><\/div><\/div><div class=\"testimonial-content\"><p>Su asistencia t\u00e9cnica se encuentra entre las mejores que he experimentado. Jeff, el t\u00e9cnico que me ayud\u00f3 con un problema de instalaci\u00f3n, era eficiente, r\u00e1pido, eficiente y amigable.<\/p>\n<\/div><\/div><\/div><div class=\"testimonial-item\"><div class=\"content-wrap\"><div class=\"testimonial-vcard\"><div class=\"testimonial-name\"><span class=\"text-primary\">M.R., Cooper City, FL<\/span><br \/><\/div><div class=\"testimonial-position\"><\/div><\/div><div class=\"testimonial-content\"><p>&#13; \u201cNo solo recomendar\u00e9 a Minuteman por su servicio, sino que nunca comprar\u00e9 ning\u00fan otro UPS. Y convertir\u00e9 a todos mis clientes a Minuteman. Gracias por estar tan orientado al&hellip;<\/p>\n<\/div><\/div><\/div><\/div>[\/vc_column][\/vc_row][vc_row full_width=&#8221;stretch_row&#8221; css=&#8221;.vc_custom_1576684749635{padding-top: 40px !important;padding-bottom: 40px !important;background-color: #e9e9e7 !important;}&#8221;][vc_column][vc_custom_heading text=&#8221;Explore los Recursos&#8221; font_container=&#8221;tag:h2|font_size:36px|text_align:center|color:%23e61b24|line_height:45px&#8221; use_theme_fonts=&#8221;yes&#8221; css=&#8221;.vc_custom_1576335306907{padding-bottom: 40px !important;}&#8221; el_class=&#8221;customfont1&#8243;][vc_row_inner][vc_column_inner width=&#8221;1\/3&#8243;][vc_single_image image=&#8221;334&#8243; img_size=&#8221;medium&#8221; alignment=&#8221;center&#8221; onclick=&#8221;custom_link&#8221; img_link_target=&#8221;_blank&#8221; image_hovers=&#8221;false&#8221; link=&#8221;https:\/\/minutemanups.com\/powerlearning\/&#8221;][\/vc_column_inner][vc_column_inner width=&#8221;1\/3&#8243;][vc_single_image image=&#8221;332&#8243; img_size=&#8221;medium&#8221; alignment=&#8221;center&#8221; onclick=&#8221;custom_link&#8221; img_link_target=&#8221;_blank&#8221; image_hovers=&#8221;false&#8221; link=&#8221;https:\/\/minutemanups.com\/ae-resources\/&#8221;][\/vc_column_inner][vc_column_inner width=&#8221;1\/3&#8243;][vc_single_image image=&#8221;333&#8243; img_size=&#8221;medium&#8221; alignment=&#8221;center&#8221; onclick=&#8221;custom_link&#8221; img_link_target=&#8221;_blank&#8221; image_hovers=&#8221;false&#8221; link=&#8221;https:\/\/minutemanups.com\/blog\/&#8221;][\/vc_column_inner][\/vc_row_inner][\/vc_column][\/vc_row][vc_row css=&#8221;.vc_custom_1576229849588{padding-top: 60px !important;padding-bottom: 60px !important;}&#8221;][vc_column width=&#8221;1\/2&#8243;][vc_column_text css=&#8221;.vc_custom_1601476931072{margin-bottom: 0px !important;}&#8221;]<\/p>\n<div class=\"boxlist\">\n<h4>Documentos y Descargas<\/h4>\n<ul>\n<li><a href=\"http:\/\/www.sizemyups.com\/\">Size My UPS<\/a><\/li>\n<li><a href=\"http:\/\/www.sizemypdu.com\/\">Tama\u00f1o de My PDU<\/a><\/li>\n<li><a href=\"\/minuteman?page_id=2049\">Portal de Soporte<\/a><\/li>\n<li><a href=\"\/minuteman?page_id=4625\">Manuales de Usuario<\/a><\/li>\n<li><a href=\"\/minuteman?page_id=4544\">Centro de Recursos del UPS<\/a><\/li>\n<li><a href=\"\/minuteman?page_id=1174\">Formaci\u00f3n<\/a><\/li>\n<\/ul>\n<\/div>\n<p>[\/vc_column_text][\/vc_column][vc_column width=&#8221;1\/2&#8243;][vc_column_text]<\/p>\n<div class=\"boxlist bluebox\">\n<h4>Apoyo<\/h4>\n<ul>\n<li><a href=\"\/minuteman?page_id=4580\">Contactanos<\/a><\/li>\n<li><a href=\"\/minuteman?page_id=4568\">Donde Comprar<\/a><\/li>\n<li><a href=\"https:\/\/minutemanups.com\/ups-replacement-battery-faq\/\">Preguntas Frecuentes Sobre Reemplazo de Bater\u00edas y Bater\u00edas<\/a><\/li>\n<li><a href=\"https:\/\/minutemanups.com\/batteries\/\">Bater\u00edas de Repuesto<\/a><\/li>\n<li><a href=\"\/minuteman?page_id=4642\">Informaci\u00f3n de Garant\u00eda<\/a><\/li>\n<li><a href=\"https:\/\/minutemanups.com\/international\/\">Distribuidores Internacionales<\/a><\/li>\n<\/ul>\n<\/div>\n<p>[\/vc_column_text][\/vc_column][\/vc_row][vc_row full_width=&#8221;stretch_row_content_no_spaces&#8221; equal_height=&#8221;yes&#8221; content_placement=&#8221;top&#8221;][vc_column width=&#8221;1\/2&#8243; css=&#8221;.vc_custom_1576229775985{padding-top: 40px !important;padding-bottom: 40px !important;background-color: #e61b24 !important;}&#8221;][vc_row_inner][vc_column_inner width=&#8221;1\/4&#8243;][\/vc_column_inner][vc_column_inner width=&#8221;3\/4&#8243; css=&#8221;.vc_custom_1576229827743{padding-right: 50px !important;}&#8221;][vc_custom_heading text=&#8221;Eventos&#8221; font_container=&#8221;tag:h2|font_size:36px|text_align:center|color:%23ffffff|line_height:45px&#8221; use_theme_fonts=&#8221;yes&#8221; css=&#8221;.vc_custom_1576229939283{padding-bottom: 10px !important;}&#8221;]<div class=\" vc_custom_1601476826737 ubtn-ctn-center \"><a class=\"ubtn-link ult-adjust-bottom-margin ubtn-center ubtn-large \" href=\"https:\/\/minutemanups.com\/events\/\" title=\"Events\" ><button type=\"button\" id=\"ubtn-4391\"  class=\"ubtn ult-adjust-bottom-margin ult-responsive ubtn-large ubtn-no-hover-bg  none  ubtn-center   tooltip-69d25ed94440f\"  data-hover=\"\" data-border-color=\"\" data-bg=\"#fbac18\" data-hover-bg=\"\" data-border-hover=\"\" data-shadow-hover=\"\" data-shadow-click=\"none\" data-shadow=\"\" data-shd-shadow=\"\"  data-ultimate-target='#ubtn-4391'  data-responsive-json-new='{\"font-size\":\"desktop:18px;\",\"line-height\":\"\"}'  style=\"font-weight:normal;border:none;background: #fbac18;color: #ffffff;\"><span class=\"ubtn-hover\" style=\"background-color:\"><\/span><span class=\"ubtn-data ubtn-text \" >PR\u00d3XIMOS EVENTOS<\/span><\/button><\/a><\/div>[\/vc_column_inner][\/vc_row_inner][\/vc_column][vc_column width=&#8221;1\/2&#8243; css=&#8221;.vc_custom_1576229990711{padding-top: 40px !important;padding-bottom: 40px !important;background-color: #0c4d8a !important;}&#8221;][vc_row_inner][vc_column_inner width=&#8221;3\/4&#8243;][vc_custom_heading text=&#8221;Redes Sociales&#8221; font_container=&#8221;tag:h2|font_size:36px|text_align:center|color:%23ffffff|line_height:45px&#8221; use_theme_fonts=&#8221;yes&#8221; css=&#8221;.vc_custom_1576230676561{padding-bottom: 10px !important;}&#8221;][vc_raw_html]CTx1bCBjbGFzcz0ic29jaWFscyI+DQo8bGk+PGEgdGFyZ2V0PSJfYmxhbmsiIGhyZWY9Imh0dHBzOi8vd3d3LmZhY2Vib29rLmNvbS9taW51dGVtYW5wb3dlciI+PGltZyBzcmM9Imh0dHBzOi8vbWludXRlbWFudXBzLmNvbS93cC1jb250ZW50L3VwbG9hZHMvMjAxOS8xMi9mYl9pY29uLnBuZyI+PC9hPjwvbGk+DQoJPGxpPjxhIHRhcmdldD0iX2JsYW5rIiBocmVmPSJodHRwczovL3d3dy5saW5rZWRpbi5jb20vY29tcGFueS9taW51dGVtYW4tcGFyYS1zeXN0ZW1zLyI+PGltZyBzcmM9Imh0dHBzOi8vbWludXRlbWFudXBzLmNvbS93cC1jb250ZW50L3VwbG9hZHMvMjAxOS8xMi9pbl9pY29uLnBuZyI+PC9hPjwvbGk+DQoJPGxpPjxhIHRhcmdldD0iX2JsYW5rIiBocmVmPSJodHRwczovL3d3dy55b3V0dWJlLmNvbS91c2VyL01pbnV0ZW1hblVQUy8iPjxpbWcgc3JjPSJodHRwczovL21pbnV0ZW1hbnVwcy5jb20vd3AtY29udGVudC91cGxvYWRzLzIwMTkvMTIvcGxheV9pY29uLnBuZyI+PC9hPjwvbGk+PC91bD4NCg==[\/vc_raw_html][\/vc_column_inner][vc_column_inner width=&#8221;1\/4&#8243;][\/vc_column_inner][\/vc_row_inner][\/vc_column][\/vc_row]<\/p>\n<\/div>","protected":false},"excerpt":{"rendered":"<p>[vc_row full_width=&#8221;stretch_row_content_no_spaces&#8221;][vc_column][\/vc_column][\/vc_row][vc_row][vc_column][vc_custom_heading text=&#8221;PRODUCTOS DISE\u00d1ADOS PARA MANTENERSE EN LA INDUSTRIA DE JUEGOS R\u00c1PIDOS&#8221; font_container=&#8221;tag:h2|font_size:25px|text_align:left|color:%23e61b24|line_height:30px&#8221; use_theme_fonts=&#8221;yes&#8221; el_class=&#8221;customfont1&#8243; css=&#8221;.vc_custom_1582048840087{padding-top: 30px !important;padding-bottom: 30px !important;}&#8221;][vc_column_text]Asegurar que los clientes tengan una experiencia positiva es siempre una&hellip;<\/p>\n","protected":false},"author":2,"featured_media":0,"parent":0,"menu_order":0,"comment_status":"closed","ping_status":"closed","template":"","meta":{"footnotes":""},"yst_prominent_words":[],"class_list":["post-4512","page","type-page","status-publish","hentry","description-off"],"featured_image_src":null,"jetpack_sharing_enabled":true,"_links":{"self":[{"href":"https:\/\/minutemanups.com\/es\/wp-json\/wp\/v2\/pages\/4512","targetHints":{"allow":["GET"]}}],"collection":[{"href":"https:\/\/minutemanups.com\/es\/wp-json\/wp\/v2\/pages"}],"about":[{"href":"https:\/\/minutemanups.com\/es\/wp-json\/wp\/v2\/types\/page"}],"author":[{"embeddable":true,"href":"https:\/\/minutemanups.com\/es\/wp-json\/wp\/v2\/users\/2"}],"replies":[{"embeddable":true,"href":"https:\/\/minutemanups.com\/es\/wp-json\/wp\/v2\/comments?post=4512"}],"version-history":[{"count":7,"href":"https:\/\/minutemanups.com\/es\/wp-json\/wp\/v2\/pages\/4512\/revisions"}],"predecessor-version":[{"id":5713,"href":"https:\/\/minutemanups.com\/es\/wp-json\/wp\/v2\/pages\/4512\/revisions\/5713"}],"wp:attachment":[{"href":"https:\/\/minutemanups.com\/es\/wp-json\/wp\/v2\/media?parent=4512"}],"wp:term":[{"taxonomy":"yst_prominent_words","embeddable":true,"href":"https:\/\/minutemanups.com\/es\/wp-json\/wp\/v2\/yst_prominent_words?post=4512"}],"curies":[{"name":"wp","href":"https:\/\/api.w.org\/{rel}","templated":true}]}}