{"id":4783,"date":"2020-01-22T15:50:15","date_gmt":"2020-01-22T15:50:15","guid":{"rendered":"https:\/\/minutemanups.com\/fuente-de-poder-ininterrumpible\/endeavor-6-10kva-tower-fuente-de-alimentacion-ininterrumpible-en-linea\/"},"modified":"2021-05-12T16:17:35","modified_gmt":"2021-05-12T16:17:35","slug":"endeavor-6-10kva-tower-fuente-de-alimentacion-ininterrumpible-en-linea","status":"publish","type":"page","link":"https:\/\/minutemanups.com\/es\/fuente-de-poder-ininterrumpible\/endeavor-6-10kva-tower-fuente-de-alimentacion-ininterrumpible-en-linea\/","title":{"rendered":"ENDEAVOR 6-10KVA TOWER\u00ae FUENTE DE ALIMENTACI\u00d3N ININTERRUMPIBLE EN L\u00cdNEA"},"content":{"rendered":"<div class=\"wpb-content-wrapper\"><p>[vc_row full_width=&#8221;stretch_row&#8221; bg_type=&#8221;image&#8221; parallax_style=&#8221;vcpb-default&#8221; bg_image_new=&#8221;id^320|url^https:\/\/minutemanups.com\/wp-content\/uploads\/2023\/09\/Minuteman-UPS-Powerprotection-Devices.jpg|caption^Server internet datacenter room, network, technology concept background, Server is the internet equipment for many purposes. Data center is the server control center for internet provider.|alt^null|title^Server internet datacenter room, network, technology concept bac|description^null&#8221; el_class=&#8221;headerwrap&#8221; css=&#8221;.vc_custom_1576614445599{padding-top: 30px !important;padding-bottom: 30px !important;}&#8221;][vc_column][vc_custom_heading text=&#8221;ENDEAVOR 6-10KVA TOWER\u00ae&#8221; font_container=&#8221;tag:h2|font_size:70px|text_align:left|color:%23ffffff|line_height:80px&#8221; use_theme_fonts=&#8221;yes&#8221; css=&#8221;.vc_custom_1579717030501{margin-bottom: 10px !important;}&#8221;][vc_column_text]<\/p>\n<h3 class=\"vc_custom_heading customfont1\"><span style=\"color: #ffffff;\">FUENTE DE ALIMENTACI\u00d3N ININTERRUMPIBLE EN L\u00cdNEA<\/span><\/h3>\n<p>[\/vc_column_text][\/vc_column][\/vc_row][vc_row css=&#8221;.vc_custom_1576272690185{padding-top: 60px !important;padding-bottom: 60px !important;}&#8221;][vc_column width=&#8221;1\/2&#8243;][vc_single_image image=&#8221;6598&#8243; img_size=&#8221;medium&#8221; alignment=&#8221;center&#8221;][\/vc_column][vc_column width=&#8221;1\/2&#8243;][vc_custom_heading text=&#8221;ENDEAVOR 6\/10KVA TOWER\u00ae FUENTE DE ALIMENTACI\u00d3N ININTERRUMPIBLE EN L\u00cdNEA&#8221; font_container=&#8221;tag:h2|font_size:20px|text_align:left|color:%23e61b24|line_height:25px&#8221; use_theme_fonts=&#8221;yes&#8221; el_class=&#8221;customfont1&#8243;][vc_column_text]<strong>Verdaderos UPS en l\u00ednea para equipos electr\u00f3nicos sensibles y servidores cr\u00edticos, dispositivos de red y sistemas telef\u00f3nicos<\/strong><\/p>\n<p>El UPS Minuteman\u00ae Endeavor \u2122 de la serie en torre de 6\/10 kVA combina una salida de onda sinusoidal pura libre de transitorios y una capacidad de tiempo de ejecuci\u00f3n extendido para aplicaciones cr\u00edticas. Una pantalla LCD en el panel frontal proporciona una notificaci\u00f3n visual del estado del UPS, incluido el estado de la entrada de CA, el estado de la bater\u00eda y la indicaci\u00f3n de fallas del UPS.[\/vc_column_text]<div class=\" ubtn-ctn-left \"><a class=\"ubtn-link ult-adjust-bottom-margin ubtn-left ubtn-normal \" href=\"https:\/\/minutemanups.com\/buy\/\" title=\"Buy\" ><button type=\"button\" id=\"ubtn-5831\"  class=\"ubtn ult-adjust-bottom-margin ult-responsive ubtn-normal ubtn-no-hover-bg  none  ubtn-left   tooltip-69d0a07ab8510\"  data-hover=\"\" data-border-color=\"\" data-bg=\"#fbac18\" data-hover-bg=\"\" data-border-hover=\"\" data-shadow-hover=\"\" data-shadow-click=\"none\" data-shadow=\"\" data-shd-shadow=\"\"  data-ultimate-target='#ubtn-5831'  data-responsive-json-new='{\"font-size\":\"desktop:18px;\",\"line-height\":\"\"}'  style=\"font-weight:normal;border:none;background: #fbac18;color: #ffffff;\"><span class=\"ubtn-hover\" style=\"background-color:\"><\/span><span class=\"ubtn-data ubtn-text \" >COMPRA AHORA<\/span><\/button><\/a><\/div>[\/vc_column][\/vc_row][vc_row][vc_column][vc_tta_tabs][vc_tta_section title=&#8221;CARACTER\u00cdSTICAS&#8221; tab_id=&#8221;1576270618902-4e978f2e-4310&#8243;][vc_column_text]La serie de torres Endeavor\u00ae 6 \/ 10kVA es otra opci\u00f3n m\u00e1s para aplicaciones que requieren la mejor protecci\u00f3n disponible. Este UPS en l\u00ednea real, monof\u00e1sico y rico en funciones ha sido dise\u00f1ado para soportar grandes cargas para centros de datos de red, armarios de red remotos, redes educativas y otras aplicaciones de misi\u00f3n cr\u00edtica.<\/p>\n<p><strong>Caracter\u00edsticas est\u00e1ndar de la torre Endeavour\u00ae 6 \/ 10kVA<\/strong><\/p>\n<ul>\n<li>Verdadera topolog\u00eda en l\u00ednea de doble conversi\u00f3n<\/li>\n<li>Monof\u00e1sico, 208 entradas, con voltajes de salida configurables: 120\/208\/220\/230\/240 VCA<\/li>\n<li>Transformador de aislamiento para soporte de carga completa de 120 VCA<\/li>\n<li>Factor de potencia de salida m\u00e1s alto (208 = 90%)<br \/>\n&#8211; 1.0 (con 20 bater\u00edas internas)<br \/>\n&#8211; 0.9 (con 18 bater\u00edas internas)<br \/>\n&#8211; 0.8 (con 16 bater\u00edas internas)<\/li>\n<li>Dise\u00f1o de carcasa m\u00e1s peque\u00f1o y compacto<\/li>\n<li>Real-time LCD display<\/li>\n<li>Est\u00e1ndar de puerto EPO<\/li>\n<li>Apagado de emergencia (EPO)<\/li>\n<li>Puertos de comunicaci\u00f3n simult\u00e1neos (tarjeta opcional USB \/ RS232 \/ SNMP)<\/li>\n<li>Extended runtime via external battery packs<\/li>\n<li>Bypass de mantenimiento interno<\/li>\n<\/ul>\n<p><b>ADVERTENCIA:<\/b> Este producto puede exponerlo a productos qu\u00edmicos, incluidos el plomo y sus compuestos, que el Estado de California sabe que causan c\u00e1ncer y defectos de nacimiento u otros da\u00f1os reproductivos. Para obtener m\u00e1s informaci\u00f3n, visite:\u00a0<a href=\"http:\/\/www.p65warnings.ca.gov\/product\/\" target=\"_blank\" rel=\"noopener noreferrer\" data-saferedirecturl=\"https:\/\/www.google.com\/url?q=http:\/\/www.p65warnings.ca.gov\/product\/&amp;source=gmail&amp;ust=1585930365943000&amp;usg=AFQjCNGYTYMcNEYuQ8H_j9IoVCREL-bIaQ\"><b>www.P65warnings.ca.gov\/<wbr \/>product<\/b><\/a>[\/vc_column_text][vc_empty_space][\/vc_tta_section][vc_tta_section title=&#8221;SOFTWARE Y ACCESORIOS&#8221; tab_id=&#8221;1576270632675-e6645c22-bf7f&#8221;][vc_column_text]<\/p>\n<h2 class=\"vc_custom_heading customfont1\">Software de Administraci\u00f3n de red y Monitoreo de Energ\u00eda<\/h2>\n<div class=\"wpb_text_column wpb_content_element \">\n<div class=\"wpb_wrapper\">\n<p><strong>Gesti\u00f3n de Energ\u00eda Mediante Comunicaci\u00f3n SNMP<\/strong><\/p>\n<p>Gesti\u00f3n de red opcional mediante tarjeta SNMP<\/p>\n<ul>\n<li>NetAgent-SNMP-ED<\/li>\n<\/ul>\n<p><strong>Software de Monitoreo de Energ\u00eda<\/strong><\/p>\n<p>Software de gesti\u00f3n de UPS a trav\u00e9s de USB o RS232<\/p>\n<p>Para m\u00e1s informaci\u00f3n por favor <a href=\"https:\/\/minutemanups.com\/es\/contact\/\">cont\u00e1ctenos<\/a><\/p>\n<\/div>\n<\/div>\n<p>[\/vc_column_text][\/vc_tta_section][vc_tta_section title=&#8221;ESPECIFICACIONES&#8221; tab_id=&#8221;1576270648890-47817331-9276&#8243;][vc_column_text css=&#8221;.vc_custom_1620761563848{padding-bottom: 40px !important;}&#8221;]Para obtener informaci\u00f3n completa del producto, folletos y manuales, visite el\u00a0<a href=\"\/minuteman?page_id=4630\">Centro de Recursos de Medios<\/a>.<\/p>\n<p><strong>Modelos:<\/strong><\/p>\n<ul>\n<li><strong>ED6KTF<\/strong> &#8211; Unidad UPS 6000VA \/ 6000W con entrada 208V \/ 240V con voltajes de salida configurables: 120\/208\/220\/230\/240 VCA<\/li>\n<li><strong>ED10KTF<\/strong> \u2013 Unidad UPS de 10000VA \/ 10000W con entrada de 208V \/ 240V con voltajes de salida configurables: 120\/208\/220\/230\/240 VCA<\/li>\n<\/ul>\n<p><strong>Bater\u00eda Externa<\/strong><\/p>\n<ul>\n<li><strong>BP240TWR<\/strong> Paquete de bater\u00edas externas para sistemas UPS ED6KTF y ED10KTF<\/li>\n<\/ul>\n<p>[\/vc_column_text][\/vc_tta_section][vc_tta_section title=&#8221;IMAGENES&#8221; tab_id=&#8221;1576522129234-b90a0401-8426&#8243;][vc_single_image image=&#8221;6598&#8243; img_size=&#8221;large&#8221; alignment=&#8221;center&#8221;][\/vc_tta_section][\/vc_tta_tabs][\/vc_column][\/vc_row][vc_row css=&#8221;.vc_custom_1576226593794{padding-bottom: 30px !important;}&#8221;][vc_column]<style type=\"text\/css\" data-type=\"the7_shortcodes-inline-css\">.testimonials-carousel-shortcode.testimonials-carousel-shortcode-id-28260a03f05b5d4f0a886cb4cc88ebf3.owl-carousel .owl-nav div {\n  width: 36px;\n  height: 36px;\n  border-radius: 500px;\n}\n.testimonials-carousel-shortcode.testimonials-carousel-shortcode-id-28260a03f05b5d4f0a886cb4cc88ebf3.owl-carousel .owl-nav div:before,\n.testimonials-carousel-shortcode.testimonials-carousel-shortcode-id-28260a03f05b5d4f0a886cb4cc88ebf3.owl-carousel .owl-nav div:after {\n  border-width: 0px;\n}\n.testimonials-carousel-shortcode.testimonials-carousel-shortcode-id-28260a03f05b5d4f0a886cb4cc88ebf3.owl-carousel .owl-nav div.owl-prev {\n  top: 50%;\n  transform: translateY(calc(-50% + 0px));\n  left: -43px;\n}\n@media all and (-ms-high-contrast: none) {\n  .testimonials-carousel-shortcode.testimonials-carousel-shortcode-id-28260a03f05b5d4f0a886cb4cc88ebf3.owl-carousel .owl-nav div.owl-prev {\n    transform: translateY(-50%);\n    margin-top: 0px;\n  }\n}\n.testimonials-carousel-shortcode.testimonials-carousel-shortcode-id-28260a03f05b5d4f0a886cb4cc88ebf3.owl-carousel .owl-nav div.owl-prev i {\n  padding: 0px 0px 0px 0px;\n}\n.testimonials-carousel-shortcode.testimonials-carousel-shortcode-id-28260a03f05b5d4f0a886cb4cc88ebf3.owl-carousel .owl-nav div.owl-next {\n  top: 50%;\n  transform: translateY(calc(-50% + 0px));\n  right: -43px;\n}\n@media all and (-ms-high-contrast: none) {\n  .testimonials-carousel-shortcode.testimonials-carousel-shortcode-id-28260a03f05b5d4f0a886cb4cc88ebf3.owl-carousel .owl-nav div.owl-next {\n    transform: translateY(-50%);\n    margin-top: 0px;\n  }\n}\n.testimonials-carousel-shortcode.testimonials-carousel-shortcode-id-28260a03f05b5d4f0a886cb4cc88ebf3.owl-carousel .owl-nav div.owl-next i {\n  padding: 0px 0px 0px 0px;\n}\n.testimonials-carousel-shortcode.testimonials-carousel-shortcode-id-28260a03f05b5d4f0a886cb4cc88ebf3.owl-carousel .owl-nav i {\n  font-size: 18px;\n}\n.testimonials-carousel-shortcode.testimonials-carousel-shortcode-id-28260a03f05b5d4f0a886cb4cc88ebf3.owl-carousel .owl-nav div:not(:hover) i,\n.testimonials-carousel-shortcode.testimonials-carousel-shortcode-id-28260a03f05b5d4f0a886cb4cc88ebf3.owl-carousel .owl-nav div:not(:hover) i:before {\n  color: #ffffff;\n  background: none;\n}\n.testimonials-carousel-shortcode.testimonials-carousel-shortcode-id-28260a03f05b5d4f0a886cb4cc88ebf3.owl-carousel .owl-nav div:hover i,\n.testimonials-carousel-shortcode.testimonials-carousel-shortcode-id-28260a03f05b5d4f0a886cb4cc88ebf3.owl-carousel .owl-nav div:hover i:before {\n  color: rgba(255,255,255,0.75);\n  background: none;\n}\n.testimonials-carousel-shortcode.testimonials-carousel-shortcode-id-28260a03f05b5d4f0a886cb4cc88ebf3 .owl-dots {\n  top: calc(100% + 20px);\n  left: 50%;\n  transform: translateX(calc(-50% + 0px));\n}\n@media all and (-ms-high-contrast: none) {\n  .testimonials-carousel-shortcode.testimonials-carousel-shortcode-id-28260a03f05b5d4f0a886cb4cc88ebf3 .owl-dots {\n    transform: translateX(-50%);\n    margin-left: 0px;\n  }\n}\n.testimonials-carousel-shortcode.testimonials-carousel-shortcode-id-28260a03f05b5d4f0a886cb4cc88ebf3 .owl-dot {\n  width: 10px;\n  height: 10px;\n  margin: 0 8px;\n}\n@media screen and (max-width: 778px) {\n  .testimonials-carousel-shortcode.testimonials-carousel-shortcode-id-28260a03f05b5d4f0a886cb4cc88ebf3.hide-arrows.owl-carousel .owl-nav a {\n    display: none;\n  }\n}\n@media screen and (max-width: 778px) {\n  .testimonials-carousel-shortcode.testimonials-carousel-shortcode-id-28260a03f05b5d4f0a886cb4cc88ebf3.reposition-arrows.owl-carousel .owl-nav .owl-prev {\n    top: 50%;\n    transform: translateY(calc(-50% + 0px));\n    left: -18px;\n  }\n  .testimonials-carousel-shortcode.testimonials-carousel-shortcode-id-28260a03f05b5d4f0a886cb4cc88ebf3.reposition-arrows.owl-carousel .owl-nav .owl-next {\n    top: 50%;\n    transform: translateY(calc(-50% + 0px));\n    right: -18px;\n  }\n}\n@media screen and (max-width: 778px) and all and (-ms-high-contrast: none) {\n  .testimonials-carousel-shortcode.testimonials-carousel-shortcode-id-28260a03f05b5d4f0a886cb4cc88ebf3.reposition-arrows.owl-carousel .owl-nav .owl-prev {\n    transform: translateY(-50%);\n    margin-top: 0px;\n  }\n}\n@media screen and (max-width: 778px) and all and (-ms-high-contrast: none) {\n  .testimonials-carousel-shortcode.testimonials-carousel-shortcode-id-28260a03f05b5d4f0a886cb4cc88ebf3.reposition-arrows.owl-carousel .owl-nav .owl-next {\n    transform: translateY(-50%);\n    margin-top: 0px;\n  }\n}\n.testimonials-carousel-shortcode.testimonials-carousel-shortcode-id-28260a03f05b5d4f0a886cb4cc88ebf3 .testimonial-item {\n  padding: 30px 30px 20px 30px;\n}\n.testimonials-carousel-shortcode.testimonials-carousel-shortcode-id-28260a03f05b5d4f0a886cb4cc88ebf3 .testimonial-name,\n.testimonials-carousel-shortcode.testimonials-carousel-shortcode-id-28260a03f05b5d4f0a886cb4cc88ebf3 .testimonial-name a,\n.testimonials-carousel-shortcode.testimonials-carousel-shortcode-id-28260a03f05b5d4f0a886cb4cc88ebf3 .testimonial-name span {\n  margin-bottom: 0px;\n  font-weight: bold;\n}\n.testimonials-carousel-shortcode.testimonials-carousel-shortcode-id-28260a03f05b5d4f0a886cb4cc88ebf3 .testimonial-position {\n  margin-bottom: 20px;\n}\n.testimonials-carousel-shortcode.testimonials-carousel-shortcode-id-28260a03f05b5d4f0a886cb4cc88ebf3 .testimonial-position,\n.testimonials-carousel-shortcode.testimonials-carousel-shortcode-id-28260a03f05b5d4f0a886cb4cc88ebf3 .testimonial-position span {\n  font-weight: bold;\n}\n.testimonials-carousel-shortcode.testimonials-carousel-shortcode-id-28260a03f05b5d4f0a886cb4cc88ebf3  .testimonial-avatar {\n  padding: 0px 20px 20px 0px;\n}\n.testimonials-carousel-shortcode.testimonials-carousel-shortcode-id-28260a03f05b5d4f0a886cb4cc88ebf3  .testimonial-avatar a,\n.testimonials-carousel-shortcode.testimonials-carousel-shortcode-id-28260a03f05b5d4f0a886cb4cc88ebf3  .testimonial-avatar span,\n.testimonials-carousel-shortcode.testimonials-carousel-shortcode-id-28260a03f05b5d4f0a886cb4cc88ebf3  .testimonial-avatar img {\n  max-width: 80px;\n}\n.testimonials-carousel-shortcode.testimonials-carousel-shortcode-id-28260a03f05b5d4f0a886cb4cc88ebf3 .dt-css-grid .testimonial-avatar img,\n.testimonials-carousel-shortcode.testimonials-carousel-shortcode-id-28260a03f05b5d4f0a886cb4cc88ebf3 .dt-css-grid .testimonial-avatar svg {\n  max-width: 100%;\n}\n.testimonials-carousel-shortcode.testimonials-carousel-shortcode-id-28260a03f05b5d4f0a886cb4cc88ebf3.layout-5:not(.hide-testimonial-avatar) .content-wrap,\n.testimonials-carousel-shortcode.testimonials-carousel-shortcode-id-28260a03f05b5d4f0a886cb4cc88ebf3.layout-6:not(.hide-testimonial-avatar) .content-wrap {\n  width: calc(100% - 80px - 20px - 0px);\n}\n.testimonials-carousel-shortcode.testimonials-carousel-shortcode-id-28260a03f05b5d4f0a886cb4cc88ebf3 .testimonial-content {\n  margin-bottom: 0px;\n}\n.testimonials-carousel-shortcode.testimonials-carousel-shortcode-id-28260a03f05b5d4f0a886cb4cc88ebf3  .testimonial-avatar,\n.testimonials-carousel-shortcode.testimonials-carousel-shortcode-id-28260a03f05b5d4f0a886cb4cc88ebf3  .testimonial-avatar a.rollover,\n.testimonials-carousel-shortcode.testimonials-carousel-shortcode-id-28260a03f05b5d4f0a886cb4cc88ebf3  .testimonial-avatar a.rollover *,\n.testimonials-carousel-shortcode.testimonials-carousel-shortcode-id-28260a03f05b5d4f0a886cb4cc88ebf3  .testimonial-avatar img,\n.testimonials-carousel-shortcode.testimonials-carousel-shortcode-id-28260a03f05b5d4f0a886cb4cc88ebf3  .testimonial-avatar .no-avatar,\n.testimonials-carousel-shortcode.testimonials-carousel-shortcode-id-28260a03f05b5d4f0a886cb4cc88ebf3  .testim-no-avatar {\n  border-radius: 500px;\n}\n.testimonials-carousel-shortcode.testimonials-carousel-shortcode-id-28260a03f05b5d4f0a886cb4cc88ebf3  .testimonial-avatar .no-avatar {\n  height: 80px;\n}\n.testimonials-carousel-shortcode.testimonials-carousel-shortcode-id-28260a03f05b5d4f0a886cb4cc88ebf3  .testimonial-avatar .no-avatar {\n  font-size: 80px;\n  width: 80px;\n}<\/style><div class=\"owl-carousel testimonials-carousel-shortcode dt-testimonials-shortcode dt-owl-carousel-call testimonials-carousel-shortcode-id-28260a03f05b5d4f0a886cb4cc88ebf3 content-align-center layout-1 content-bg-off hide-testimonial-avatar bullets-small-dot-stroke reposition-arrows arrows-bg-on dt-arrow-border-on dt-arrow-hover-border-on disable-arrows-hover-bg arrows-hover-bg-on  \" data-scroll-mode=\"1\" data-col-num=\"1\" data-wide-col-num=\"1\" data-laptop-col=\"1\" data-h-tablet-columns-num=\"1\" data-v-tablet-columns-num=\"1\" data-phone-columns-num=\"1\" data-auto-height=\"true\" data-col-gap=\"30\" data-stage-padding=\"0\" data-speed=\"300\" data-autoplay=\"true\" data-autoplay_speed=\"3000\" data-arrows=\"true\" data-bullet=\"false\" data-next-icon=\"icon-ar-017-r\" data-prev-icon=\"icon-ar-017-l\"><div class=\"testimonial-item\"><div class=\"content-wrap\"><div class=\"testimonial-vcard\"><div class=\"testimonial-name\"><span class=\"text-primary\">B. Walters &#8211; Mt Pleasant, SC<\/span><br \/><\/div><div class=\"testimonial-position\"><\/div><\/div><div class=\"testimonial-content\"><p>APC no proporcion\u00f3 pr\u00e1cticamente ning\u00fan servicio al cliente. Tuve un problema en la instalaci\u00f3n de MN 525 que fue abordado de inmediato por Minuteman.<\/p>\n<\/div><\/div><\/div><div class=\"testimonial-item\"><div class=\"content-wrap\"><div class=\"testimonial-vcard\"><div class=\"testimonial-name\"><span class=\"text-primary\">P. Mata &#8211; Miramar, FL<\/span><br \/><\/div><div class=\"testimonial-position\"><\/div><\/div><div class=\"testimonial-content\"><p>Su asistencia t\u00e9cnica se encuentra entre las mejores que he experimentado. Jeff, el t\u00e9cnico que me ayud\u00f3 con un problema de instalaci\u00f3n, era eficiente, r\u00e1pido, eficiente y amigable.<\/p>\n<\/div><\/div><\/div><div class=\"testimonial-item\"><div class=\"content-wrap\"><div class=\"testimonial-vcard\"><div class=\"testimonial-name\"><span class=\"text-primary\">M.R., Cooper City, FL<\/span><br \/><\/div><div class=\"testimonial-position\"><\/div><\/div><div class=\"testimonial-content\"><p>&#13; \u201cNo solo recomendar\u00e9 a Minuteman por su servicio, sino que nunca comprar\u00e9 ning\u00fan otro UPS. Y convertir\u00e9 a todos mis clientes a Minuteman. Gracias por estar tan orientado al&hellip;<\/p>\n<\/div><\/div><\/div><\/div>[\/vc_column][\/vc_row][vc_row full_width=&#8221;stretch_row&#8221; css=&#8221;.vc_custom_1576684749635{padding-top: 40px !important;padding-bottom: 40px !important;background-color: #e9e9e7 !important;}&#8221;][vc_column][vc_custom_heading text=&#8221;Explore los Recursos&#8221; font_container=&#8221;tag:h2|font_size:36px|text_align:center|color:%23e61b24|line_height:45px&#8221; use_theme_fonts=&#8221;yes&#8221; css=&#8221;.vc_custom_1576335306907{padding-bottom: 40px !important;}&#8221; el_class=&#8221;customfont1&#8243;][vc_row_inner][vc_column_inner width=&#8221;1\/3&#8243;][vc_single_image image=&#8221;334&#8243; img_size=&#8221;medium&#8221; alignment=&#8221;center&#8221; onclick=&#8221;custom_link&#8221; img_link_target=&#8221;_blank&#8221; image_hovers=&#8221;false&#8221; link=&#8221;https:\/\/minutemanups.com\/powerlearning\/&#8221;][\/vc_column_inner][vc_column_inner width=&#8221;1\/3&#8243;][vc_single_image image=&#8221;332&#8243; img_size=&#8221;medium&#8221; alignment=&#8221;center&#8221; onclick=&#8221;custom_link&#8221; img_link_target=&#8221;_blank&#8221; image_hovers=&#8221;false&#8221; link=&#8221;https:\/\/minutemanups.com\/ae-resources\/&#8221;][\/vc_column_inner][vc_column_inner width=&#8221;1\/3&#8243;][vc_single_image image=&#8221;333&#8243; img_size=&#8221;medium&#8221; alignment=&#8221;center&#8221; onclick=&#8221;custom_link&#8221; img_link_target=&#8221;_blank&#8221; image_hovers=&#8221;false&#8221; link=&#8221;https:\/\/minutemanups.com\/blog\/&#8221;][\/vc_column_inner][\/vc_row_inner][\/vc_column][\/vc_row][vc_row css=&#8221;.vc_custom_1576229849588{padding-top: 60px !important;padding-bottom: 60px !important;}&#8221;][vc_column width=&#8221;1\/2&#8243;][vc_column_text css=&#8221;.vc_custom_1601476931072{margin-bottom: 0px !important;}&#8221;]<\/p>\n<div class=\"boxlist\">\n<h4>Documentos y Descargas<\/h4>\n<ul>\n<li><a href=\"http:\/\/www.sizemyups.com\/\">Size My UPS<\/a><\/li>\n<li><a href=\"http:\/\/www.sizemypdu.com\/\">Tama\u00f1o de My PDU<\/a><\/li>\n<li><a href=\"\/minuteman?page_id=2049\">Portal de Soporte<\/a><\/li>\n<li><a href=\"\/minuteman?page_id=4625\">Manuales de Usuario<\/a><\/li>\n<li><a href=\"\/minuteman?page_id=4544\">Centro de Recursos del UPS<\/a><\/li>\n<li><a href=\"\/minuteman?page_id=1174\">Formaci\u00f3n<\/a><\/li>\n<\/ul>\n<\/div>\n<p>[\/vc_column_text][\/vc_column][vc_column width=&#8221;1\/2&#8243;][vc_column_text]<\/p>\n<div class=\"boxlist bluebox\">\n<h4>Apoyo<\/h4>\n<ul>\n<li><a href=\"\/minuteman?page_id=4580\">Contactanos<\/a><\/li>\n<li><a href=\"\/minuteman?page_id=4568\">Donde Comprar<\/a><\/li>\n<li><a href=\"https:\/\/minutemanups.com\/ups-replacement-battery-faq\/\">Preguntas Frecuentes Sobre Reemplazo de Bater\u00edas y Bater\u00edas<\/a><\/li>\n<li><a href=\"https:\/\/minutemanups.com\/batteries\/\">Bater\u00edas de Repuesto<\/a><\/li>\n<li><a href=\"\/minuteman?page_id=4642\">Informaci\u00f3n de Garant\u00eda<\/a><\/li>\n<li><a href=\"https:\/\/minutemanups.com\/international\/\">Distribuidores Internacionales<\/a><\/li>\n<\/ul>\n<\/div>\n<p>[\/vc_column_text][\/vc_column][\/vc_row][vc_row full_width=&#8221;stretch_row_content_no_spaces&#8221; equal_height=&#8221;yes&#8221; content_placement=&#8221;top&#8221;][vc_column width=&#8221;1\/2&#8243; css=&#8221;.vc_custom_1576229775985{padding-top: 40px !important;padding-bottom: 40px !important;background-color: #e61b24 !important;}&#8221;][vc_row_inner][vc_column_inner width=&#8221;1\/4&#8243;][\/vc_column_inner][vc_column_inner width=&#8221;3\/4&#8243; css=&#8221;.vc_custom_1576229827743{padding-right: 50px !important;}&#8221;][vc_custom_heading text=&#8221;Eventos&#8221; font_container=&#8221;tag:h2|font_size:36px|text_align:center|color:%23ffffff|line_height:45px&#8221; use_theme_fonts=&#8221;yes&#8221; css=&#8221;.vc_custom_1576229939283{padding-bottom: 10px !important;}&#8221;]<div class=\" vc_custom_1601476826737 ubtn-ctn-center \"><a class=\"ubtn-link ult-adjust-bottom-margin ubtn-center ubtn-large \" href=\"https:\/\/minutemanups.com\/events\/\" title=\"Events\" ><button type=\"button\" id=\"ubtn-1150\"  class=\"ubtn ult-adjust-bottom-margin ult-responsive ubtn-large ubtn-no-hover-bg  none  ubtn-center   tooltip-69d0a07abb27a\"  data-hover=\"\" data-border-color=\"\" data-bg=\"#fbac18\" data-hover-bg=\"\" data-border-hover=\"\" data-shadow-hover=\"\" data-shadow-click=\"none\" data-shadow=\"\" data-shd-shadow=\"\"  data-ultimate-target='#ubtn-1150'  data-responsive-json-new='{\"font-size\":\"desktop:18px;\",\"line-height\":\"\"}'  style=\"font-weight:normal;border:none;background: #fbac18;color: #ffffff;\"><span class=\"ubtn-hover\" style=\"background-color:\"><\/span><span class=\"ubtn-data ubtn-text \" >PR\u00d3XIMOS EVENTOS<\/span><\/button><\/a><\/div>[\/vc_column_inner][\/vc_row_inner][\/vc_column][vc_column width=&#8221;1\/2&#8243; css=&#8221;.vc_custom_1576229990711{padding-top: 40px !important;padding-bottom: 40px !important;background-color: #0c4d8a !important;}&#8221;][vc_row_inner][vc_column_inner width=&#8221;3\/4&#8243;][vc_custom_heading text=&#8221;Redes Sociales&#8221; font_container=&#8221;tag:h2|font_size:36px|text_align:center|color:%23ffffff|line_height:45px&#8221; use_theme_fonts=&#8221;yes&#8221; css=&#8221;.vc_custom_1576230676561{padding-bottom: 10px !important;}&#8221;][vc_raw_html]CTx1bCBjbGFzcz0ic29jaWFscyI+DQo8bGk+PGEgdGFyZ2V0PSJfYmxhbmsiIGhyZWY9Imh0dHBzOi8vd3d3LmZhY2Vib29rLmNvbS9taW51dGVtYW5wb3dlciI+PGltZyBzcmM9Imh0dHBzOi8vbWludXRlbWFudXBzLmNvbS93cC1jb250ZW50L3VwbG9hZHMvMjAxOS8xMi9mYl9pY29uLnBuZyI+PC9hPjwvbGk+DQoJPGxpPjxhIHRhcmdldD0iX2JsYW5rIiBocmVmPSJodHRwczovL3d3dy5saW5rZWRpbi5jb20vY29tcGFueS9taW51dGVtYW4tcGFyYS1zeXN0ZW1zLyI+PGltZyBzcmM9Imh0dHBzOi8vbWludXRlbWFudXBzLmNvbS93cC1jb250ZW50L3VwbG9hZHMvMjAxOS8xMi9pbl9pY29uLnBuZyI+PC9hPjwvbGk+DQoJPGxpPjxhIHRhcmdldD0iX2JsYW5rIiBocmVmPSJodHRwczovL3d3dy55b3V0dWJlLmNvbS91c2VyL01pbnV0ZW1hblVQUy8iPjxpbWcgc3JjPSJodHRwczovL21pbnV0ZW1hbnVwcy5jb20vd3AtY29udGVudC91cGxvYWRzLzIwMTkvMTIvcGxheV9pY29uLnBuZyI+PC9hPjwvbGk+PC91bD4NCg==[\/vc_raw_html][\/vc_column_inner][vc_column_inner width=&#8221;1\/4&#8243;][\/vc_column_inner][\/vc_row_inner][\/vc_column][\/vc_row]<\/p>\n<\/div>","protected":false},"excerpt":{"rendered":"<p>[vc_row full_width=&#8221;stretch_row&#8221; bg_type=&#8221;image&#8221; parallax_style=&#8221;vcpb-default&#8221; bg_image_new=&#8221;id^320|url^https:\/\/minutemanups.com\/wp-content\/uploads\/2023\/09\/Minuteman-UPS-Powerprotection-Devices.jpg|caption^Server internet datacenter room, network, technology concept background, Server is the internet equipment for many purposes. Data center is the server control center for internet provider.|alt^null|title^Server&hellip;<\/p>\n","protected":false},"author":2,"featured_media":0,"parent":4559,"menu_order":0,"comment_status":"closed","ping_status":"closed","template":"","meta":{"footnotes":""},"yst_prominent_words":[2406,2695,2697,2312,2720,2307,2407],"class_list":["post-4783","page","type-page","status-publish","hentry","description-off"],"featured_image_src":null,"jetpack_sharing_enabled":true,"_links":{"self":[{"href":"https:\/\/minutemanups.com\/es\/wp-json\/wp\/v2\/pages\/4783","targetHints":{"allow":["GET"]}}],"collection":[{"href":"https:\/\/minutemanups.com\/es\/wp-json\/wp\/v2\/pages"}],"about":[{"href":"https:\/\/minutemanups.com\/es\/wp-json\/wp\/v2\/types\/page"}],"author":[{"embeddable":true,"href":"https:\/\/minutemanups.com\/es\/wp-json\/wp\/v2\/users\/2"}],"replies":[{"embeddable":true,"href":"https:\/\/minutemanups.com\/es\/wp-json\/wp\/v2\/comments?post=4783"}],"version-history":[{"count":8,"href":"https:\/\/minutemanups.com\/es\/wp-json\/wp\/v2\/pages\/4783\/revisions"}],"predecessor-version":[{"id":6611,"href":"https:\/\/minutemanups.com\/es\/wp-json\/wp\/v2\/pages\/4783\/revisions\/6611"}],"up":[{"embeddable":true,"href":"https:\/\/minutemanups.com\/es\/wp-json\/wp\/v2\/pages\/4559"}],"wp:attachment":[{"href":"https:\/\/minutemanups.com\/es\/wp-json\/wp\/v2\/media?parent=4783"}],"wp:term":[{"taxonomy":"yst_prominent_words","embeddable":true,"href":"https:\/\/minutemanups.com\/es\/wp-json\/wp\/v2\/yst_prominent_words?post=4783"}],"curies":[{"name":"wp","href":"https:\/\/api.w.org\/{rel}","templated":true}]}}